{"id":2418,"date":"2020-10-08T09:28:31","date_gmt":"2020-10-08T07:28:31","guid":{"rendered":"https:\/\/www.stage.emmendinger.de\/news\/"},"modified":"2025-09-26T08:23:20","modified_gmt":"2025-09-26T06:23:20","slug":"news","status":"publish","type":"page","link":"https:\/\/emmendinger.de\/es\/news\/","title":{"rendered":"News"},"content":{"rendered":"<section class=\"l-section wpb_row height_huge\"><div class=\"l-section-h i-cf\"><div class=\"g-cols vc_row via_flex valign_top type_default stacking_default\"><div class=\"vc_col-sm-12 wpb_column vc_column_container\"><div class=\"vc_column-inner\"><div class=\"wpb_wrapper\"><div class=\"w-image align_center\"><div class=\"w-image-h\"><img decoding=\"async\" width=\"429\" height=\"158\" data-src=\"https:\/\/emmendinger.de\/wp-content\/uploads\/2025\/09\/Messeanzeige-4.jpg\" class=\"attachment-large size-large lazyload\" alt=\"\" data-srcset=\"https:\/\/emmendinger.de\/wp-content\/uploads\/2025\/09\/Messeanzeige-4.jpg 429w, https:\/\/emmendinger.de\/wp-content\/uploads\/2025\/09\/Messeanzeige-4-300x110.jpg 300w\" data-sizes=\"auto, (max-width: 429px) 100vw, 429px\" src=\"data:image\/svg+xml;base64,PHN2ZyB3aWR0aD0iMSIgaGVpZ2h0PSIxIiB4bWxucz0iaHR0cDovL3d3dy53My5vcmcvMjAwMC9zdmciPjwvc3ZnPg==\" style=\"--smush-placeholder-width: 429px; --smush-placeholder-aspect-ratio: 429\/158;\" \/><\/div><\/div><div class=\"w-separator size_small\"><\/div><div class=\"wpb_text_column\"><div class=\"wpb_wrapper\"><p style=\"text-align: center;\"><strong>Visit our booth! L94 \/ hall 7<\/strong><\/p>\n<\/div><\/div><div class=\"w-separator size_large\"><\/div><div class=\"g-cols wpb_row via_flex valign_top type_default stacking_default\"><div class=\"vc_col-sm-12 wpb_column vc_column_container\"><div class=\"vc_column-inner\"><div class=\"wpb_wrapper\"><div class=\"w-grid us_grid blog_grid_01_element_01 type_grid layout_345 cols_3 preload_style_spinner with_css_animation\" id=\"us_grid_1\" style=\"--columns:3;--gap:3rem;\" data-filterable=\"true\"><style>@media (max-width:1200px){#us_grid_1{--columns:2!important}}@media (max-width:768px){#us_grid_1{--columns:1!important}}.layout_345 .w-grid-item-h{}.layout_345 .usg_post_image_1{margin-bottom:1rem!important}.layout_345 .usg_post_title_1{font-size:1.4rem!important;margin-bottom:0.5rem!important}.layout_345 .usg_hwrapper_1{color:var(--color-content-faded)!important;font-size:0.9rem!important}.layout_345 .usg_btn_1{margin-top:1rem!important}<\/style><div class=\"w-grid-list\">\t<article class=\"w-grid-item us_animate_fade size_1x1 post-2556 post type-post status-publish format-standard has-post-thumbnail hentry category-sin-categorizar\" data-id=\"2556\" style=\"animation-delay:0s\">\r\n\t\t<div class=\"w-grid-item-h\">\r\n\t\t\t\t\t\t<div class=\"w-vwrapper usg_vwrapper_1 blog_grid_layout_03 align_left valign_top\"><div class=\"w-post-elm post_image usg_post_image_1 has_ratio\"><a href=\"https:\/\/emmendinger.de\/es\/labelexpo-europe-en-bruselas\/\" aria-label=\"LabelExpo Europe en Bruselas\"><img decoding=\"async\" width=\"480\" height=\"184\" data-src=\"https:\/\/emmendinger.de\/wp-content\/uploads\/2021\/03\/expo2019.jpg\" class=\"attachment-full size-full wp-post-image lazyload\" alt=\"\" src=\"data:image\/svg+xml;base64,PHN2ZyB3aWR0aD0iMSIgaGVpZ2h0PSIxIiB4bWxucz0iaHR0cDovL3d3dy53My5vcmcvMjAwMC9zdmciPjwvc3ZnPg==\" style=\"--smush-placeholder-width: 480px; --smush-placeholder-aspect-ratio: 480\/184;\" \/><\/a><div style=\"padding-bottom:66.6667%\"><\/div><\/div><div class=\"w-vwrapper usg_vwrapper_2 post_content_wrapper align_left valign_top\"><h2 class=\"w-post-elm post_title usg_post_title_1 entry-title color_link_inherit\"><a href=\"https:\/\/emmendinger.de\/es\/labelexpo-europe-en-bruselas\/\">LabelExpo Europe en Bruselas<\/a><\/h2><div class=\"w-hwrapper usg_hwrapper_1 post_meta_wrapper has_text_color align_left valign_top wrap\"><time class=\"w-post-elm post_date usg_post_date_1 entry-date published\" datetime=\"2019-03-22T13:43:58+01:00\">22 de marzo de 2019<\/time><div class=\"w-post-elm post_taxonomy usg_post_taxonomy_1 post_category hideElement style_simple color_link_inherit\"><a class=\"term-9 term-sin-categorizar\" href=\"https:\/\/emmendinger.de\/es\/category\/sin-categorizar\/\"><span class=\"w-btn-label\">Sin categorizar<\/span><\/a><\/div><\/div><div class=\"w-post-elm post_content usg_post_content_1\">Del 24 al 27.09.2019 estamos presentes en la feria LabelExpo Europe en Bruselas. LabelExpo Europe es el evento m\u00e1s grande del mundo para la industria del etiquetado y embalaje. Aqu\u00ed&hellip;<\/div><\/div><a class=\"w-btn us-btn-style_1 usg_btn_1\" href=\"https:\/\/emmendinger.de\/es\/labelexpo-europe-en-bruselas\/\"><span class=\"w-btn-label\">Mehr erfahren<\/span><\/a><\/div>\t\t<\/div>\r\n\t\t\t<\/article>\r\n\t<article class=\"w-grid-item us_animate_fade size_1x1 post-2565 post type-post status-publish format-standard has-post-thumbnail hentry category-sin-categorizar\" data-id=\"2565\" style=\"animation-delay:0.1s\">\r\n\t\t<div class=\"w-grid-item-h\">\r\n\t\t\t\t\t\t<div class=\"w-vwrapper usg_vwrapper_1 blog_grid_layout_03 align_left valign_top\"><div class=\"w-post-elm post_image usg_post_image_1 has_ratio\"><a href=\"https:\/\/emmendinger.de\/es\/ice-europe-muenchen-2019\/\" aria-label=\"ICE EUROPE M\u00dcNCHEN 2019\"><img decoding=\"async\" width=\"310\" height=\"150\" data-src=\"https:\/\/emmendinger.de\/wp-content\/uploads\/2021\/03\/ice-europe-teaser.jpg\" class=\"attachment-full size-full wp-post-image lazyload\" alt=\"\" src=\"data:image\/svg+xml;base64,PHN2ZyB3aWR0aD0iMSIgaGVpZ2h0PSIxIiB4bWxucz0iaHR0cDovL3d3dy53My5vcmcvMjAwMC9zdmciPjwvc3ZnPg==\" style=\"--smush-placeholder-width: 310px; --smush-placeholder-aspect-ratio: 310\/150;\" \/><\/a><div style=\"padding-bottom:66.6667%\"><\/div><\/div><div class=\"w-vwrapper usg_vwrapper_2 post_content_wrapper align_left valign_top\"><h2 class=\"w-post-elm post_title usg_post_title_1 entry-title color_link_inherit\"><a href=\"https:\/\/emmendinger.de\/es\/ice-europe-muenchen-2019\/\">ICE EUROPE M\u00dcNCHEN 2019<\/a><\/h2><div class=\"w-hwrapper usg_hwrapper_1 post_meta_wrapper has_text_color align_left valign_top wrap\"><time class=\"w-post-elm post_date usg_post_date_1 entry-date published\" datetime=\"2018-12-19T13:45:33+01:00\">19 de diciembre de 2018<\/time><div class=\"w-post-elm post_taxonomy usg_post_taxonomy_1 post_category hideElement style_simple color_link_inherit\"><a class=\"term-9 term-sin-categorizar\" href=\"https:\/\/emmendinger.de\/es\/category\/sin-categorizar\/\"><span class=\"w-btn-label\">Sin categorizar<\/span><\/a><\/div><\/div><div class=\"w-post-elm post_content usg_post_content_1\">Feria internacional de conversi\u00f3n 12.-14. Marzo de 2019 Vis\u00edtenos en nuestro stand 1154 en pabell\u00f3n A5<\/div><\/div><a class=\"w-btn us-btn-style_1 usg_btn_1\" href=\"https:\/\/emmendinger.de\/es\/ice-europe-muenchen-2019\/\"><span class=\"w-btn-label\">Mehr erfahren<\/span><\/a><\/div>\t\t<\/div>\r\n\t\t\t<\/article>\r\n\t<article class=\"w-grid-item us_animate_fade size_1x1 post-2575 post type-post status-publish format-standard has-post-thumbnail hentry category-unkategorisiert\" data-id=\"2575\" style=\"animation-delay:0.2s\">\r\n\t\t<div class=\"w-grid-item-h\">\r\n\t\t\t\t\t\t<div class=\"w-vwrapper usg_vwrapper_1 blog_grid_layout_03 align_left valign_top\"><div class=\"w-post-elm post_image usg_post_image_1 has_ratio\"><a href=\"https:\/\/emmendinger.de\/es\/edificio-y-patio-reformado\/\" aria-label=\"Edificio y patio reformado\"><img decoding=\"async\" width=\"480\" height=\"299\" data-src=\"https:\/\/emmendinger.de\/wp-content\/uploads\/2021\/03\/emb-gebaeude-03_neu-1.jpg\" class=\"attachment-full size-full wp-post-image lazyload\" alt=\"\" src=\"data:image\/svg+xml;base64,PHN2ZyB3aWR0aD0iMSIgaGVpZ2h0PSIxIiB4bWxucz0iaHR0cDovL3d3dy53My5vcmcvMjAwMC9zdmciPjwvc3ZnPg==\" style=\"--smush-placeholder-width: 480px; --smush-placeholder-aspect-ratio: 480\/299;\" \/><\/a><div style=\"padding-bottom:66.6667%\"><\/div><\/div><div class=\"w-vwrapper usg_vwrapper_2 post_content_wrapper align_left valign_top\"><h2 class=\"w-post-elm post_title usg_post_title_1 entry-title color_link_inherit\"><a href=\"https:\/\/emmendinger.de\/es\/edificio-y-patio-reformado\/\">Edificio y patio reformado<\/a><\/h2><div class=\"w-hwrapper usg_hwrapper_1 post_meta_wrapper has_text_color align_left valign_top wrap\"><time class=\"w-post-elm post_date usg_post_date_1 entry-date published\" datetime=\"2018-10-11T13:48:24+02:00\">11 de octubre de 2018<\/time><div class=\"w-post-elm post_taxonomy usg_post_taxonomy_1 post_category hideElement style_simple color_link_inherit\"><a class=\"term-1 term-unkategorisiert\" href=\"https:\/\/emmendinger.de\/category\/unkategorisiert\/\"><span class=\"w-btn-label\">Unkategorisiert<\/span><\/a><\/div><\/div><div class=\"w-post-elm post_content usg_post_content_1\">Despu\u00e9s de varios meses de trabajos de reconstrucci\u00f3n, el edificio y el patio de nuestra empresa ahora brillan con un nuevo esplendor. Una verdadera atracci\u00f3n y una declaraci\u00f3n del futuro&hellip;<\/div><\/div><a class=\"w-btn us-btn-style_1 usg_btn_1\" href=\"https:\/\/emmendinger.de\/es\/edificio-y-patio-reformado\/\"><span class=\"w-btn-label\">Mehr erfahren<\/span><\/a><\/div>\t\t<\/div>\r\n\t\t\t<\/article>\r\n\t<article class=\"w-grid-item us_animate_fade size_1x1 post-2587 post type-post status-publish format-standard has-post-thumbnail hentry category-unkategorisiert\" data-id=\"2587\" style=\"animation-delay:0.3s\">\r\n\t\t<div class=\"w-grid-item-h\">\r\n\t\t\t\t\t\t<div class=\"w-vwrapper usg_vwrapper_1 blog_grid_layout_03 align_left valign_top\"><div class=\"w-post-elm post_image usg_post_image_1 has_ratio\"><a href=\"https:\/\/emmendinger.de\/es\/leasing-de-bicicleta\/\" aria-label=\"Leasing de bicicleta\"><img decoding=\"async\" width=\"1920\" height=\"1280\" data-src=\"https:\/\/emmendinger.de\/wp-content\/uploads\/2018\/10\/jobradi.jpg\" class=\"attachment-full size-full wp-post-image lazyload\" alt=\"\" src=\"data:image\/svg+xml;base64,PHN2ZyB3aWR0aD0iMSIgaGVpZ2h0PSIxIiB4bWxucz0iaHR0cDovL3d3dy53My5vcmcvMjAwMC9zdmciPjwvc3ZnPg==\" style=\"--smush-placeholder-width: 1920px; --smush-placeholder-aspect-ratio: 1920\/1280;\" \/><\/a><div style=\"padding-bottom:66.6667%\"><\/div><\/div><div class=\"w-vwrapper usg_vwrapper_2 post_content_wrapper align_left valign_top\"><h2 class=\"w-post-elm post_title usg_post_title_1 entry-title color_link_inherit\"><a href=\"https:\/\/emmendinger.de\/es\/leasing-de-bicicleta\/\">Leasing de bicicleta<\/a><\/h2><div class=\"w-hwrapper usg_hwrapper_1 post_meta_wrapper has_text_color align_left valign_top wrap\"><time class=\"w-post-elm post_date usg_post_date_1 entry-date published\" datetime=\"2018-10-11T13:46:31+02:00\">11 de octubre de 2018<\/time><div class=\"w-post-elm post_taxonomy usg_post_taxonomy_1 post_category hideElement style_simple color_link_inherit\"><a class=\"term-1 term-unkategorisiert\" href=\"https:\/\/emmendinger.de\/category\/unkategorisiert\/\"><span class=\"w-btn-label\">Unkategorisiert<\/span><\/a><\/div><\/div><div class=\"w-post-elm post_content usg_post_content_1\">Desde agosto de 2018, hemos estado ofreciendo a todos nuestros empleados el alquiler de bicicletas a trav\u00e9s de Jobrad.<\/div><\/div><a class=\"w-btn us-btn-style_1 usg_btn_1\" href=\"https:\/\/emmendinger.de\/es\/leasing-de-bicicleta\/\"><span class=\"w-btn-label\">Mehr erfahren<\/span><\/a><\/div>\t\t<\/div>\r\n\t\t\t<\/article>\r\n\t<article class=\"w-grid-item us_animate_fade size_1x1 post-2596 post type-post status-publish format-standard has-post-thumbnail hentry category-unkategorisiert\" data-id=\"2596\" style=\"animation-delay:0.4s\">\r\n\t\t<div class=\"w-grid-item-h\">\r\n\t\t\t\t\t\t<div class=\"w-vwrapper usg_vwrapper_1 blog_grid_layout_03 align_left valign_top\"><div class=\"w-post-elm post_image usg_post_image_1 has_ratio\"><a href=\"https:\/\/emmendinger.de\/es\/nuevo-director-general\/\" aria-label=\"Nuevo Director General\"><img decoding=\"async\" width=\"480\" height=\"365\" data-src=\"https:\/\/emmendinger.de\/wp-content\/uploads\/2021\/03\/relf_adler_emb.jpg\" class=\"attachment-full size-full wp-post-image lazyload\" alt=\"\" src=\"data:image\/svg+xml;base64,PHN2ZyB3aWR0aD0iMSIgaGVpZ2h0PSIxIiB4bWxucz0iaHR0cDovL3d3dy53My5vcmcvMjAwMC9zdmciPjwvc3ZnPg==\" style=\"--smush-placeholder-width: 480px; --smush-placeholder-aspect-ratio: 480\/365;\" \/><\/a><div style=\"padding-bottom:66.6667%\"><\/div><\/div><div class=\"w-vwrapper usg_vwrapper_2 post_content_wrapper align_left valign_top\"><h2 class=\"w-post-elm post_title usg_post_title_1 entry-title color_link_inherit\"><a href=\"https:\/\/emmendinger.de\/es\/nuevo-director-general\/\">Nuevo Director General<\/a><\/h2><div class=\"w-hwrapper usg_hwrapper_1 post_meta_wrapper has_text_color align_left valign_top wrap\"><time class=\"w-post-elm post_date usg_post_date_1 entry-date published\" datetime=\"2018-01-05T13:49:42+01:00\">5 de enero de 2018<\/time><div class=\"w-post-elm post_taxonomy usg_post_taxonomy_1 post_category hideElement style_simple color_link_inherit\"><a class=\"term-1 term-unkategorisiert\" href=\"https:\/\/emmendinger.de\/category\/unkategorisiert\/\"><span class=\"w-btn-label\">Unkategorisiert<\/span><\/a><\/div><\/div><div class=\"w-post-elm post_content usg_post_content_1\">A partir del 1 de enero de 2018, el Sr. Ralf Adler es nombrado nuevo director general de la compa\u00f1\u00eda. Inicialmente compartir\u00e1 esta tarea con el Sr. Haberstroh y continuar\u00e1&hellip;<\/div><\/div><a class=\"w-btn us-btn-style_1 usg_btn_1\" href=\"https:\/\/emmendinger.de\/es\/nuevo-director-general\/\"><span class=\"w-btn-label\">Mehr erfahren<\/span><\/a><\/div>\t\t<\/div>\r\n\t\t\t<\/article>\r\n<\/div>\t<div class=\"w-grid-preloader\">\r\n\t\t<div class=\"g-preloader type_1\">\r\n\t\t\t<div><\/div>\r\n\t\t<\/div>\r\n\t<\/div>\r\n\t\t<div class=\"w-grid-json hidden\" onclick='return {&quot;action&quot;:&quot;us_ajax_grid&quot;,&quot;infinite_scroll&quot;:0,&quot;max_num_pages&quot;:1,&quot;pagination&quot;:&quot;none&quot;,&quot;template_vars&quot;:{&quot;columns&quot;:&quot;3&quot;,&quot;exclude_items&quot;:&quot;none&quot;,&quot;img_size&quot;:&quot;default&quot;,&quot;ignore_items_size&quot;:0,&quot;items_layout&quot;:&quot;345&quot;,&quot;items_offset&quot;:&quot;1&quot;,&quot;load_animation&quot;:&quot;fade&quot;,&quot;overriding_link&quot;:&quot;{\\&quot;url\\&quot;:\\&quot;\\&quot;}&quot;,&quot;post_id&quot;:0,&quot;query_args&quot;:{&quot;post_type&quot;:[&quot;post&quot;],&quot;post_status&quot;:[&quot;publish&quot;],&quot;posts_per_page&quot;:&quot;50&quot;},&quot;orderby_query_args&quot;:{&quot;orderby&quot;:{&quot;date&quot;:&quot;DESC&quot;}},&quot;type&quot;:&quot;grid&quot;,&quot;us_grid_post_type&quot;:&quot;post&quot;,&quot;us_grid_ajax_index&quot;:1,&quot;us_grid_filter_query_string&quot;:null,&quot;us_grid_index&quot;:1,&quot;page_args&quot;:[],&quot;lang&quot;:&quot;es&quot;}}'><\/div>\r\n\t<\/div><\/div><\/div><\/div><\/div><\/div><\/div><\/div><\/div><\/div><\/section>\n","protected":false},"excerpt":{"rendered":"A partir del 1 de enero de 2018, el Sr. Ralf Adler es nombrado nuevo director general de la compa\u00f1\u00eda. Inicialmente compartir\u00e1 esta tarea con el Sr. Haberstroh y continuar\u00e1 dirigiendo el departamento de ventas.","protected":false},"author":1,"featured_media":1843,"parent":0,"menu_order":0,"comment_status":"closed","ping_status":"closed","template":"","meta":{"footnotes":""},"class_list":["post-2418","page","type-page","status-publish","has-post-thumbnail","hentry"],"yoast_head":"<!-- This site is optimized with the Yoast SEO plugin v27.3 - https:\/\/yoast.com\/product\/yoast-seo-wordpress\/ -->\n<title>News - Emmendinger Maschinenbau GmbH<\/title>\n<meta name=\"description\" content=\"Mit der Verbindung aus Tradition und Innovation sind wir seit \u00fcber sechs Jahrzehnten einer starker und verl\u00e4sslicher Partner f\u00fcr unsere Kunden in der ganzen Welt.\" \/>\n<meta name=\"robots\" content=\"index, follow, max-snippet:-1, max-image-preview:large, max-video-preview:-1\" \/>\n<link rel=\"canonical\" href=\"https:\/\/emmendinger.de\/es\/news\/\" \/>\n<meta property=\"og:locale\" content=\"es_ES\" \/>\n<meta property=\"og:type\" content=\"article\" \/>\n<meta property=\"og:title\" content=\"News - Emmendinger Maschinenbau GmbH\" \/>\n<meta property=\"og:description\" content=\"Mit der Verbindung aus Tradition und Innovation sind wir seit \u00fcber sechs Jahrzehnten einer starker und verl\u00e4sslicher Partner f\u00fcr unsere Kunden in der ganzen Welt.\" \/>\n<meta property=\"og:url\" content=\"https:\/\/emmendinger.de\/es\/news\/\" \/>\n<meta property=\"og:site_name\" content=\"Emmendinger Maschinenbau GmbH\" \/>\n<meta property=\"article:modified_time\" content=\"2025-09-26T06:23:20+00:00\" \/>\n<meta property=\"og:image\" content=\"https:\/\/emmendinger.de\/wp-content\/uploads\/2021\/03\/Header_QS_neu-1-5.jpg\" \/>\n\t<meta property=\"og:image:width\" content=\"1920\" \/>\n\t<meta property=\"og:image:height\" content=\"1280\" \/>\n\t<meta property=\"og:image:type\" content=\"image\/jpeg\" \/>\n<meta name=\"twitter:card\" content=\"summary_large_image\" \/>\n<script type=\"application\/ld+json\" class=\"yoast-schema-graph\">{\"@context\":\"https:\\\/\\\/schema.org\",\"@graph\":[{\"@type\":\"WebPage\",\"@id\":\"https:\\\/\\\/emmendinger.de\\\/es\\\/news\\\/\",\"url\":\"https:\\\/\\\/emmendinger.de\\\/es\\\/news\\\/\",\"name\":\"News - Emmendinger Maschinenbau GmbH\",\"isPartOf\":{\"@id\":\"https:\\\/\\\/emmendinger.de\\\/es\\\/#website\"},\"primaryImageOfPage\":{\"@id\":\"https:\\\/\\\/emmendinger.de\\\/es\\\/news\\\/#primaryimage\"},\"image\":{\"@id\":\"https:\\\/\\\/emmendinger.de\\\/es\\\/news\\\/#primaryimage\"},\"thumbnailUrl\":\"https:\\\/\\\/emmendinger.de\\\/wp-content\\\/uploads\\\/2021\\\/03\\\/Header_QS_neu-1-5.jpg\",\"datePublished\":\"2020-10-08T07:28:31+00:00\",\"dateModified\":\"2025-09-26T06:23:20+00:00\",\"description\":\"Mit der Verbindung aus Tradition und Innovation sind wir seit \u00fcber sechs Jahrzehnten einer starker und verl\u00e4sslicher Partner f\u00fcr unsere Kunden in der ganzen Welt.\",\"breadcrumb\":{\"@id\":\"https:\\\/\\\/emmendinger.de\\\/es\\\/news\\\/#breadcrumb\"},\"inLanguage\":\"es\",\"potentialAction\":[{\"@type\":\"ReadAction\",\"target\":[\"https:\\\/\\\/emmendinger.de\\\/es\\\/news\\\/\"]}]},{\"@type\":\"ImageObject\",\"inLanguage\":\"es\",\"@id\":\"https:\\\/\\\/emmendinger.de\\\/es\\\/news\\\/#primaryimage\",\"url\":\"https:\\\/\\\/emmendinger.de\\\/wp-content\\\/uploads\\\/2021\\\/03\\\/Header_QS_neu-1-5.jpg\",\"contentUrl\":\"https:\\\/\\\/emmendinger.de\\\/wp-content\\\/uploads\\\/2021\\\/03\\\/Header_QS_neu-1-5.jpg\",\"width\":1920,\"height\":1280},{\"@type\":\"BreadcrumbList\",\"@id\":\"https:\\\/\\\/emmendinger.de\\\/es\\\/news\\\/#breadcrumb\",\"itemListElement\":[{\"@type\":\"ListItem\",\"position\":1,\"name\":\"Home\",\"item\":\"https:\\\/\\\/emmendinger.de\\\/es\\\/\"},{\"@type\":\"ListItem\",\"position\":2,\"name\":\"News\"}]},{\"@type\":\"WebSite\",\"@id\":\"https:\\\/\\\/emmendinger.de\\\/es\\\/#website\",\"url\":\"https:\\\/\\\/emmendinger.de\\\/es\\\/\",\"name\":\"Emmendinger Maschinenbau GmbH\",\"description\":\"The Art of precision\",\"publisher\":{\"@id\":\"https:\\\/\\\/emmendinger.de\\\/es\\\/#organization\"},\"potentialAction\":[{\"@type\":\"SearchAction\",\"target\":{\"@type\":\"EntryPoint\",\"urlTemplate\":\"https:\\\/\\\/emmendinger.de\\\/es\\\/?s={search_term_string}\"},\"query-input\":{\"@type\":\"PropertyValueSpecification\",\"valueRequired\":true,\"valueName\":\"search_term_string\"}}],\"inLanguage\":\"es\"},{\"@type\":\"Organization\",\"@id\":\"https:\\\/\\\/emmendinger.de\\\/es\\\/#organization\",\"name\":\"Emmendinger Maschinenbau GmbH\",\"url\":\"https:\\\/\\\/emmendinger.de\\\/es\\\/\",\"logo\":{\"@type\":\"ImageObject\",\"inLanguage\":\"es\",\"@id\":\"https:\\\/\\\/emmendinger.de\\\/es\\\/#\\\/schema\\\/logo\\\/image\\\/\",\"url\":\"https:\\\/\\\/emmendinger.de\\\/wp-content\\\/uploads\\\/2021\\\/01\\\/favicon-01.png\",\"contentUrl\":\"https:\\\/\\\/emmendinger.de\\\/wp-content\\\/uploads\\\/2021\\\/01\\\/favicon-01.png\",\"width\":1146,\"height\":1147,\"caption\":\"Emmendinger Maschinenbau GmbH\"},\"image\":{\"@id\":\"https:\\\/\\\/emmendinger.de\\\/es\\\/#\\\/schema\\\/logo\\\/image\\\/\"}}]}<\/script>\n<!-- \/ Yoast SEO plugin. -->","yoast_head_json":{"title":"News - Emmendinger Maschinenbau GmbH","description":"Mit der Verbindung aus Tradition und Innovation sind wir seit \u00fcber sechs Jahrzehnten einer starker und verl\u00e4sslicher Partner f\u00fcr unsere Kunden in der ganzen Welt.","robots":{"index":"index","follow":"follow","max-snippet":"max-snippet:-1","max-image-preview":"max-image-preview:large","max-video-preview":"max-video-preview:-1"},"canonical":"https:\/\/emmendinger.de\/es\/news\/","og_locale":"es_ES","og_type":"article","og_title":"News - Emmendinger Maschinenbau GmbH","og_description":"Mit der Verbindung aus Tradition und Innovation sind wir seit \u00fcber sechs Jahrzehnten einer starker und verl\u00e4sslicher Partner f\u00fcr unsere Kunden in der ganzen Welt.","og_url":"https:\/\/emmendinger.de\/es\/news\/","og_site_name":"Emmendinger Maschinenbau GmbH","article_modified_time":"2025-09-26T06:23:20+00:00","og_image":[{"width":1920,"height":1280,"url":"https:\/\/emmendinger.de\/wp-content\/uploads\/2021\/03\/Header_QS_neu-1-5.jpg","type":"image\/jpeg"}],"twitter_card":"summary_large_image","schema":{"@context":"https:\/\/schema.org","@graph":[{"@type":"WebPage","@id":"https:\/\/emmendinger.de\/es\/news\/","url":"https:\/\/emmendinger.de\/es\/news\/","name":"News - Emmendinger Maschinenbau GmbH","isPartOf":{"@id":"https:\/\/emmendinger.de\/es\/#website"},"primaryImageOfPage":{"@id":"https:\/\/emmendinger.de\/es\/news\/#primaryimage"},"image":{"@id":"https:\/\/emmendinger.de\/es\/news\/#primaryimage"},"thumbnailUrl":"https:\/\/emmendinger.de\/wp-content\/uploads\/2021\/03\/Header_QS_neu-1-5.jpg","datePublished":"2020-10-08T07:28:31+00:00","dateModified":"2025-09-26T06:23:20+00:00","description":"Mit der Verbindung aus Tradition und Innovation sind wir seit \u00fcber sechs Jahrzehnten einer starker und verl\u00e4sslicher Partner f\u00fcr unsere Kunden in der ganzen Welt.","breadcrumb":{"@id":"https:\/\/emmendinger.de\/es\/news\/#breadcrumb"},"inLanguage":"es","potentialAction":[{"@type":"ReadAction","target":["https:\/\/emmendinger.de\/es\/news\/"]}]},{"@type":"ImageObject","inLanguage":"es","@id":"https:\/\/emmendinger.de\/es\/news\/#primaryimage","url":"https:\/\/emmendinger.de\/wp-content\/uploads\/2021\/03\/Header_QS_neu-1-5.jpg","contentUrl":"https:\/\/emmendinger.de\/wp-content\/uploads\/2021\/03\/Header_QS_neu-1-5.jpg","width":1920,"height":1280},{"@type":"BreadcrumbList","@id":"https:\/\/emmendinger.de\/es\/news\/#breadcrumb","itemListElement":[{"@type":"ListItem","position":1,"name":"Home","item":"https:\/\/emmendinger.de\/es\/"},{"@type":"ListItem","position":2,"name":"News"}]},{"@type":"WebSite","@id":"https:\/\/emmendinger.de\/es\/#website","url":"https:\/\/emmendinger.de\/es\/","name":"Emmendinger Maschinenbau GmbH","description":"The Art of precision","publisher":{"@id":"https:\/\/emmendinger.de\/es\/#organization"},"potentialAction":[{"@type":"SearchAction","target":{"@type":"EntryPoint","urlTemplate":"https:\/\/emmendinger.de\/es\/?s={search_term_string}"},"query-input":{"@type":"PropertyValueSpecification","valueRequired":true,"valueName":"search_term_string"}}],"inLanguage":"es"},{"@type":"Organization","@id":"https:\/\/emmendinger.de\/es\/#organization","name":"Emmendinger Maschinenbau GmbH","url":"https:\/\/emmendinger.de\/es\/","logo":{"@type":"ImageObject","inLanguage":"es","@id":"https:\/\/emmendinger.de\/es\/#\/schema\/logo\/image\/","url":"https:\/\/emmendinger.de\/wp-content\/uploads\/2021\/01\/favicon-01.png","contentUrl":"https:\/\/emmendinger.de\/wp-content\/uploads\/2021\/01\/favicon-01.png","width":1146,"height":1147,"caption":"Emmendinger Maschinenbau GmbH"},"image":{"@id":"https:\/\/emmendinger.de\/es\/#\/schema\/logo\/image\/"}}]}},"_links":{"self":[{"href":"https:\/\/emmendinger.de\/es\/wp-json\/wp\/v2\/pages\/2418","targetHints":{"allow":["GET"]}}],"collection":[{"href":"https:\/\/emmendinger.de\/es\/wp-json\/wp\/v2\/pages"}],"about":[{"href":"https:\/\/emmendinger.de\/es\/wp-json\/wp\/v2\/types\/page"}],"author":[{"embeddable":true,"href":"https:\/\/emmendinger.de\/es\/wp-json\/wp\/v2\/users\/1"}],"replies":[{"embeddable":true,"href":"https:\/\/emmendinger.de\/es\/wp-json\/wp\/v2\/comments?post=2418"}],"version-history":[{"count":5,"href":"https:\/\/emmendinger.de\/es\/wp-json\/wp\/v2\/pages\/2418\/revisions"}],"predecessor-version":[{"id":3417,"href":"https:\/\/emmendinger.de\/es\/wp-json\/wp\/v2\/pages\/2418\/revisions\/3417"}],"wp:featuredmedia":[{"embeddable":true,"href":"https:\/\/emmendinger.de\/es\/wp-json\/wp\/v2\/media\/1843"}],"wp:attachment":[{"href":"https:\/\/emmendinger.de\/es\/wp-json\/wp\/v2\/media?parent=2418"}],"curies":[{"name":"wp","href":"https:\/\/api.w.org\/{rel}","templated":true}]}}