{"id":2523,"date":"2020-10-08T09:28:56","date_gmt":"2020-10-08T07:28:56","guid":{"rendered":"https:\/\/www.stage.emmendinger.de\/aviso-legal\/"},"modified":"2022-11-23T12:56:28","modified_gmt":"2022-11-23T11:56:28","slug":"aviso-legal","status":"publish","type":"page","link":"https:\/\/emmendinger.de\/es\/aviso-legal\/","title":{"rendered":"Aviso legal"},"content":{"rendered":"<section class=\"l-section wpb_row height_huge\"><div class=\"l-section-h i-cf\"><div class=\"g-cols vc_row via_flex valign_top type_default stacking_default\"><div class=\"vc_col-sm-12 wpb_column vc_column_container\"><div class=\"vc_column-inner\"><div class=\"wpb_wrapper\"><div class=\"g-cols wpb_row via_flex valign_top type_default stacking_default\"><div class=\"vc_col-sm-8 wpb_column vc_column_container\"><div class=\"vc_column-inner\"><div class=\"wpb_wrapper\">[vc_raw_html]JTVCZXJlY2h0MjQlMjB0eXBlJTNEJTIyaW1wcmludCUyMiUyMGxhbmclM0QlMjJlbiUyMiUyMHN0cmlwX3RpdGxlJTNEJTIydHJ1ZSUyMiU1RA==[\/vc_raw_html]<\/div><\/div><\/div><div class=\"vc_col-sm-4 wpb_column vc_column_container\"><div class=\"vc_column-inner\"><div class=\"wpb_wrapper\"><div class=\"wpb_text_column special_text legal_text_block_01\"><div class=\"wpb_wrapper\"><h5>Conception, design &#038; realization<\/h5>\n<p><a class=\"unstyled_link\" href=\"https:\/\/www.medien-haus.de\/\" target=\"blank\" rel=\"noopener noreferrer\"><img decoding=\"async\" class=\"size-medium wp-image-482 lazyload\" role=\"img\" data-src=\"https:\/\/www.medien-haus.de\/logo-barthmedienhaus.svg\" alt=\"Barth Medienhaus GmbH\" width=\"300\" height=\"300\" src=\"data:image\/svg+xml;base64,PHN2ZyB3aWR0aD0iMSIgaGVpZ2h0PSIxIiB4bWxucz0iaHR0cDovL3d3dy53My5vcmcvMjAwMC9zdmciPjwvc3ZnPg==\" style=\"--smush-placeholder-width: 300px; --smush-placeholder-aspect-ratio: 300\/300;\" \/><\/a><\/p>\n<p>Barth Medienhaus GmbH<br \/>\nWolfsmatten 1<br \/>\n77955 Ettenheim<br \/>\n<a href=\"http:\/\/www.medien-haus.de\/\" target=\"_blank\" rel=\"noopener noreferrer\">www.medien-haus.de<\/a><\/p>\n<p>If not identified otherwise, all images on this website are copyright of the operator of the website.<\/p>\n<\/div><\/div><\/div><\/div><\/div><\/div><\/div><\/div><\/div><\/div><\/div><\/section>\n","protected":false},"excerpt":{"rendered":"[vc_raw_html]JTVCZXJlY2h0MjQlMjB0eXBlJTNEJTIyaW1wcmludCUyMiUyMGxhbmclM0QlMjJlbiUyMiUyMHN0cmlwX3RpdGxlJTNEJTIydHJ1ZSUyMiU1RA==[\/vc_raw_html] Conception, design &#038; realization Barth Medienhaus GmbH Wolfsmatten 1 77955 Ettenheim www.medien-haus.de If not identified otherwise, all images on this website are copyright of the operator of the website.","protected":false},"author":1,"featured_media":1707,"parent":0,"menu_order":0,"comment_status":"closed","ping_status":"closed","template":"","meta":{"footnotes":""},"class_list":["post-2523","page","type-page","status-publish","has-post-thumbnail","hentry"],"yoast_head":"<!-- This site is optimized with the Yoast SEO plugin v27.3 - https:\/\/yoast.com\/product\/yoast-seo-wordpress\/ -->\n<title>Aviso legal - Emmendinger Maschinenbau GmbH<\/title>\n<meta name=\"description\" content=\"Mit der Verbindung aus Tradition und Innovation sind wir seit \u00fcber sechs Jahrzehnten einer starker und verl\u00e4sslicher Partner f\u00fcr unsere Kunden in der ganzen Welt.\" \/>\n<meta name=\"robots\" content=\"index, follow, max-snippet:-1, max-image-preview:large, max-video-preview:-1\" \/>\n<link rel=\"canonical\" href=\"https:\/\/emmendinger.de\/es\/aviso-legal\/\" \/>\n<meta property=\"og:locale\" content=\"es_ES\" \/>\n<meta property=\"og:type\" content=\"article\" \/>\n<meta property=\"og:title\" content=\"Aviso legal - Emmendinger Maschinenbau GmbH\" \/>\n<meta property=\"og:description\" content=\"Mit der Verbindung aus Tradition und Innovation sind wir seit \u00fcber sechs Jahrzehnten einer starker und verl\u00e4sslicher Partner f\u00fcr unsere Kunden in der ganzen Welt.\" \/>\n<meta property=\"og:url\" content=\"https:\/\/emmendinger.de\/es\/aviso-legal\/\" \/>\n<meta property=\"og:site_name\" content=\"Emmendinger Maschinenbau GmbH\" \/>\n<meta property=\"article:modified_time\" content=\"2022-11-23T11:56:28+00:00\" \/>\n<meta property=\"og:image\" content=\"https:\/\/emmendinger.de\/wp-content\/uploads\/2021\/03\/bg-scaled.jpg\" \/>\n\t<meta property=\"og:image:width\" content=\"2560\" \/>\n\t<meta property=\"og:image:height\" content=\"1440\" \/>\n\t<meta property=\"og:image:type\" content=\"image\/jpeg\" \/>\n<meta name=\"twitter:card\" content=\"summary_large_image\" \/>\n<script type=\"application\/ld+json\" class=\"yoast-schema-graph\">{\"@context\":\"https:\\\/\\\/schema.org\",\"@graph\":[{\"@type\":\"WebPage\",\"@id\":\"https:\\\/\\\/emmendinger.de\\\/es\\\/aviso-legal\\\/\",\"url\":\"https:\\\/\\\/emmendinger.de\\\/es\\\/aviso-legal\\\/\",\"name\":\"Aviso legal - Emmendinger Maschinenbau GmbH\",\"isPartOf\":{\"@id\":\"https:\\\/\\\/emmendinger.de\\\/es\\\/#website\"},\"primaryImageOfPage\":{\"@id\":\"https:\\\/\\\/emmendinger.de\\\/es\\\/aviso-legal\\\/#primaryimage\"},\"image\":{\"@id\":\"https:\\\/\\\/emmendinger.de\\\/es\\\/aviso-legal\\\/#primaryimage\"},\"thumbnailUrl\":\"https:\\\/\\\/emmendinger.de\\\/wp-content\\\/uploads\\\/2021\\\/03\\\/bg-scaled.jpg\",\"datePublished\":\"2020-10-08T07:28:56+00:00\",\"dateModified\":\"2022-11-23T11:56:28+00:00\",\"description\":\"Mit der Verbindung aus Tradition und Innovation sind wir seit \u00fcber sechs Jahrzehnten einer starker und verl\u00e4sslicher Partner f\u00fcr unsere Kunden in der ganzen Welt.\",\"breadcrumb\":{\"@id\":\"https:\\\/\\\/emmendinger.de\\\/es\\\/aviso-legal\\\/#breadcrumb\"},\"inLanguage\":\"es\",\"potentialAction\":[{\"@type\":\"ReadAction\",\"target\":[\"https:\\\/\\\/emmendinger.de\\\/es\\\/aviso-legal\\\/\"]}]},{\"@type\":\"ImageObject\",\"inLanguage\":\"es\",\"@id\":\"https:\\\/\\\/emmendinger.de\\\/es\\\/aviso-legal\\\/#primaryimage\",\"url\":\"https:\\\/\\\/emmendinger.de\\\/wp-content\\\/uploads\\\/2021\\\/03\\\/bg-scaled.jpg\",\"contentUrl\":\"https:\\\/\\\/emmendinger.de\\\/wp-content\\\/uploads\\\/2021\\\/03\\\/bg-scaled.jpg\",\"width\":2560,\"height\":1440},{\"@type\":\"BreadcrumbList\",\"@id\":\"https:\\\/\\\/emmendinger.de\\\/es\\\/aviso-legal\\\/#breadcrumb\",\"itemListElement\":[{\"@type\":\"ListItem\",\"position\":1,\"name\":\"Home\",\"item\":\"https:\\\/\\\/emmendinger.de\\\/es\\\/\"},{\"@type\":\"ListItem\",\"position\":2,\"name\":\"Aviso legal\"}]},{\"@type\":\"WebSite\",\"@id\":\"https:\\\/\\\/emmendinger.de\\\/es\\\/#website\",\"url\":\"https:\\\/\\\/emmendinger.de\\\/es\\\/\",\"name\":\"Emmendinger Maschinenbau GmbH\",\"description\":\"The Art of precision\",\"publisher\":{\"@id\":\"https:\\\/\\\/emmendinger.de\\\/es\\\/#organization\"},\"potentialAction\":[{\"@type\":\"SearchAction\",\"target\":{\"@type\":\"EntryPoint\",\"urlTemplate\":\"https:\\\/\\\/emmendinger.de\\\/es\\\/?s={search_term_string}\"},\"query-input\":{\"@type\":\"PropertyValueSpecification\",\"valueRequired\":true,\"valueName\":\"search_term_string\"}}],\"inLanguage\":\"es\"},{\"@type\":\"Organization\",\"@id\":\"https:\\\/\\\/emmendinger.de\\\/es\\\/#organization\",\"name\":\"Emmendinger Maschinenbau GmbH\",\"url\":\"https:\\\/\\\/emmendinger.de\\\/es\\\/\",\"logo\":{\"@type\":\"ImageObject\",\"inLanguage\":\"es\",\"@id\":\"https:\\\/\\\/emmendinger.de\\\/es\\\/#\\\/schema\\\/logo\\\/image\\\/\",\"url\":\"https:\\\/\\\/emmendinger.de\\\/wp-content\\\/uploads\\\/2021\\\/01\\\/favicon-01.png\",\"contentUrl\":\"https:\\\/\\\/emmendinger.de\\\/wp-content\\\/uploads\\\/2021\\\/01\\\/favicon-01.png\",\"width\":1146,\"height\":1147,\"caption\":\"Emmendinger Maschinenbau GmbH\"},\"image\":{\"@id\":\"https:\\\/\\\/emmendinger.de\\\/es\\\/#\\\/schema\\\/logo\\\/image\\\/\"}}]}<\/script>\n<!-- \/ Yoast SEO plugin. -->","yoast_head_json":{"title":"Aviso legal - Emmendinger Maschinenbau GmbH","description":"Mit der Verbindung aus Tradition und Innovation sind wir seit \u00fcber sechs Jahrzehnten einer starker und verl\u00e4sslicher Partner f\u00fcr unsere Kunden in der ganzen Welt.","robots":{"index":"index","follow":"follow","max-snippet":"max-snippet:-1","max-image-preview":"max-image-preview:large","max-video-preview":"max-video-preview:-1"},"canonical":"https:\/\/emmendinger.de\/es\/aviso-legal\/","og_locale":"es_ES","og_type":"article","og_title":"Aviso legal - Emmendinger Maschinenbau GmbH","og_description":"Mit der Verbindung aus Tradition und Innovation sind wir seit \u00fcber sechs Jahrzehnten einer starker und verl\u00e4sslicher Partner f\u00fcr unsere Kunden in der ganzen Welt.","og_url":"https:\/\/emmendinger.de\/es\/aviso-legal\/","og_site_name":"Emmendinger Maschinenbau GmbH","article_modified_time":"2022-11-23T11:56:28+00:00","og_image":[{"width":2560,"height":1440,"url":"https:\/\/emmendinger.de\/wp-content\/uploads\/2021\/03\/bg-scaled.jpg","type":"image\/jpeg"}],"twitter_card":"summary_large_image","schema":{"@context":"https:\/\/schema.org","@graph":[{"@type":"WebPage","@id":"https:\/\/emmendinger.de\/es\/aviso-legal\/","url":"https:\/\/emmendinger.de\/es\/aviso-legal\/","name":"Aviso legal - Emmendinger Maschinenbau GmbH","isPartOf":{"@id":"https:\/\/emmendinger.de\/es\/#website"},"primaryImageOfPage":{"@id":"https:\/\/emmendinger.de\/es\/aviso-legal\/#primaryimage"},"image":{"@id":"https:\/\/emmendinger.de\/es\/aviso-legal\/#primaryimage"},"thumbnailUrl":"https:\/\/emmendinger.de\/wp-content\/uploads\/2021\/03\/bg-scaled.jpg","datePublished":"2020-10-08T07:28:56+00:00","dateModified":"2022-11-23T11:56:28+00:00","description":"Mit der Verbindung aus Tradition und Innovation sind wir seit \u00fcber sechs Jahrzehnten einer starker und verl\u00e4sslicher Partner f\u00fcr unsere Kunden in der ganzen Welt.","breadcrumb":{"@id":"https:\/\/emmendinger.de\/es\/aviso-legal\/#breadcrumb"},"inLanguage":"es","potentialAction":[{"@type":"ReadAction","target":["https:\/\/emmendinger.de\/es\/aviso-legal\/"]}]},{"@type":"ImageObject","inLanguage":"es","@id":"https:\/\/emmendinger.de\/es\/aviso-legal\/#primaryimage","url":"https:\/\/emmendinger.de\/wp-content\/uploads\/2021\/03\/bg-scaled.jpg","contentUrl":"https:\/\/emmendinger.de\/wp-content\/uploads\/2021\/03\/bg-scaled.jpg","width":2560,"height":1440},{"@type":"BreadcrumbList","@id":"https:\/\/emmendinger.de\/es\/aviso-legal\/#breadcrumb","itemListElement":[{"@type":"ListItem","position":1,"name":"Home","item":"https:\/\/emmendinger.de\/es\/"},{"@type":"ListItem","position":2,"name":"Aviso legal"}]},{"@type":"WebSite","@id":"https:\/\/emmendinger.de\/es\/#website","url":"https:\/\/emmendinger.de\/es\/","name":"Emmendinger Maschinenbau GmbH","description":"The Art of precision","publisher":{"@id":"https:\/\/emmendinger.de\/es\/#organization"},"potentialAction":[{"@type":"SearchAction","target":{"@type":"EntryPoint","urlTemplate":"https:\/\/emmendinger.de\/es\/?s={search_term_string}"},"query-input":{"@type":"PropertyValueSpecification","valueRequired":true,"valueName":"search_term_string"}}],"inLanguage":"es"},{"@type":"Organization","@id":"https:\/\/emmendinger.de\/es\/#organization","name":"Emmendinger Maschinenbau GmbH","url":"https:\/\/emmendinger.de\/es\/","logo":{"@type":"ImageObject","inLanguage":"es","@id":"https:\/\/emmendinger.de\/es\/#\/schema\/logo\/image\/","url":"https:\/\/emmendinger.de\/wp-content\/uploads\/2021\/01\/favicon-01.png","contentUrl":"https:\/\/emmendinger.de\/wp-content\/uploads\/2021\/01\/favicon-01.png","width":1146,"height":1147,"caption":"Emmendinger Maschinenbau GmbH"},"image":{"@id":"https:\/\/emmendinger.de\/es\/#\/schema\/logo\/image\/"}}]}},"_links":{"self":[{"href":"https:\/\/emmendinger.de\/es\/wp-json\/wp\/v2\/pages\/2523","targetHints":{"allow":["GET"]}}],"collection":[{"href":"https:\/\/emmendinger.de\/es\/wp-json\/wp\/v2\/pages"}],"about":[{"href":"https:\/\/emmendinger.de\/es\/wp-json\/wp\/v2\/types\/page"}],"author":[{"embeddable":true,"href":"https:\/\/emmendinger.de\/es\/wp-json\/wp\/v2\/users\/1"}],"replies":[{"embeddable":true,"href":"https:\/\/emmendinger.de\/es\/wp-json\/wp\/v2\/comments?post=2523"}],"version-history":[{"count":9,"href":"https:\/\/emmendinger.de\/es\/wp-json\/wp\/v2\/pages\/2523\/revisions"}],"predecessor-version":[{"id":3165,"href":"https:\/\/emmendinger.de\/es\/wp-json\/wp\/v2\/pages\/2523\/revisions\/3165"}],"wp:featuredmedia":[{"embeddable":true,"href":"https:\/\/emmendinger.de\/es\/wp-json\/wp\/v2\/media\/1707"}],"wp:attachment":[{"href":"https:\/\/emmendinger.de\/es\/wp-json\/wp\/v2\/media?parent=2523"}],"curies":[{"name":"wp","href":"https:\/\/api.w.org\/{rel}","templated":true}]}}