{"id":2367,"date":"2021-01-27T09:25:29","date_gmt":"2021-01-27T08:25:29","guid":{"rendered":"https:\/\/www.stage.emmendinger.de\/references\/"},"modified":"2025-12-08T01:59:52","modified_gmt":"2025-12-08T00:59:52","slug":"references","status":"publish","type":"page","link":"https:\/\/emmendinger.de\/fr\/references\/","title":{"rendered":"R\u00e9f\u00e9rences"},"content":{"rendered":"<section class=\"l-section wpb_row us_custom_2c2b726a height_huge\"><div class=\"l-section-h i-cf\"><div class=\"g-cols vc_row via_flex valign_top type_default stacking_default\"><div class=\"vc_col-sm-12 vc_col-lg-8 vc_col-md-9 vc_col-xs-12 wpb_column vc_column_container\"><div class=\"vc_column-inner\"><div class=\"wpb_wrapper\"><div class=\"g-cols wpb_row via_flex valign_top type_default stacking_default\"><div class=\"vc_col-sm-12 wpb_column vc_column_container us_animate_afl\"><div class=\"vc_column-inner us_custom_c86f0a77\"><div class=\"wpb_wrapper\"><div class=\"wpb_text_column\"><div class=\"wpb_wrapper\"><h2>Fabriqu\u00e9 en Allemagne par EMB<\/h2>\n<\/div><\/div><div class=\"wpb_text_column\"><div class=\"wpb_wrapper\"><p>Nos clients dans le monde entier utilisent avec succ\u00e8s les machines d&rsquo;Emmendinger Maschinenbau, fabriqu\u00e9es en Allemagne.<br \/>\nNos employ\u00e9s multilingues r\u00e9pondront \u00e0 toutes vos questions et seront \u00e0 votre disposition par le soutien en ligne et la fourniture des pi\u00e8ces de rechange. Veuillez trouver un extrait de notre liste de clients.<\/p>\n<\/div><\/div><\/div><\/div><\/div><\/div><\/div><\/div><\/div><div class=\"vc_col-sm-12 vc_col-lg-4 vc_col-md-3 vc_col-xs-12 wpb_column vc_column_container\"><div class=\"vc_column-inner\"><div class=\"wpb_wrapper\"><\/div><\/div><\/div><\/div><\/div><\/section><section class=\"l-section wpb_row us_custom_cded9059 height_huge\"><div class=\"l-section-h i-cf\"><div class=\"g-cols vc_row via_flex valign_top type_default stacking_default\"><div class=\"vc_col-sm-12 wpb_column vc_column_container us_animate_fade\"><div class=\"vc_column-inner\"><div class=\"wpb_wrapper\"><div class=\"g-cols wpb_row via_flex valign_top type_default stacking_default\"><div class=\"vc_col-sm-12 wpb_column vc_column_container\"><div class=\"vc_column-inner\"><div class=\"wpb_wrapper\">[vc_raw_html]JTVCZGlzcGxheS1tYXAlMjBpZCUzRCUyNzcwMCUyNyU1RA==[\/vc_raw_html]<\/div><\/div><\/div><\/div><\/div><\/div><\/div><\/div><\/div><\/section><section class=\"l-section wpb_row height_huge\"><div class=\"l-section-h i-cf\"><div class=\"g-cols vc_row via_flex valign_top type_default stacking_default\"><div class=\"vc_col-sm-12 wpb_column vc_column_container\"><div class=\"vc_column-inner\"><div class=\"wpb_wrapper\"><div class=\"g-cols wpb_row via_flex valign_top type_default stacking_default\"><div class=\"vc_col-sm-3 wpb_column vc_column_container us_animate_afb\" style=\"animation-delay:0.5s\"><div class=\"vc_column-inner\"><div class=\"wpb_wrapper\"><div class=\"wpb_text_column us_custom_08d660e1 custom_text_block_general_01\"><div class=\"wpb_wrapper\"><h3 class=\"special_headline\">ARMENIE<\/h3>\n<ul>\n<li>Thermocaps<\/li>\n<\/ul>\n<\/div><\/div><div class=\"wpb_text_column us_custom_08d660e1 custom_text_block_general_01\"><div class=\"wpb_wrapper\"><h3 class=\"special_headline\">ARGENTINE<\/h3>\n<ul>\n<li>Envases del Plata<\/li>\n<li>Falumdel<\/li>\n<li>Faben<\/li>\n<li>Kl\u00f6ckner Pentaplast<\/li>\n<li>Label Solutions<\/li>\n<li>Ramond\u00edn<\/li>\n<li>Victorio Altieri<\/li>\n<\/ul>\n<\/div><\/div><div class=\"wpb_text_column us_custom_08d660e1 custom_text_block_general_01\"><div class=\"wpb_wrapper\"><h3 class=\"special_headline\">AUSTRALIE<\/h3>\n<ul>\n<li>enoplastic AUS<\/li>\n<li>The Van Dyke Press<\/li>\n<li>PACIFIX<\/li>\n<\/ul>\n<\/div><\/div><div class=\"wpb_text_column us_custom_08d660e1 custom_text_block_general_01\"><div class=\"wpb_wrapper\"><h3 class=\"special_headline\">BELGIQUE<\/h3>\n<ul>\n<li>AGFA<\/li>\n<li>Belgian Bottlecaps<\/li>\n<li>NMC<\/li>\n<\/ul>\n<\/div><\/div><div class=\"wpb_text_column us_custom_08d660e1 custom_text_block_general_01\"><div class=\"wpb_wrapper\"><h3 class=\"special_headline\">BREZIL<\/h3>\n<ul>\n<li>BASF<\/li>\n<li>Bemis<\/li>\n<li>Amcor Flexibles Latin America<\/li>\n<li>Emplal<\/li>\n<li>Flexoprint<\/li>\n<li>Metiq<\/li>\n<\/ul>\n<\/div><\/div><div class=\"wpb_text_column us_custom_08d660e1 custom_text_block_general_01\"><div class=\"wpb_wrapper\"><h3 class=\"special_headline\">BULGARIE<\/h3>\n<ul>\n<li>Elena Group<\/li>\n<li>Linea Pack<\/li>\n<\/ul>\n<\/div><\/div><div class=\"wpb_text_column us_custom_08d660e1 custom_text_block_general_01\"><div class=\"wpb_wrapper\"><h3 class=\"special_headline\">CHILI<\/h3>\n<ul>\n<li>Lafitte<\/li>\n<li>Pedro Torrens<\/li>\n<li>Rahue<\/li>\n<\/ul>\n<\/div><\/div><div class=\"wpb_text_column us_custom_08d660e1 custom_text_block_general_01\"><div class=\"wpb_wrapper\"><h3 class=\"special_headline\">CHINE<\/h3>\n<ul>\n<li>AnQiu JingZhi<\/li>\n<\/ul>\n<\/div><\/div><div class=\"wpb_text_column us_custom_08d660e1 custom_text_block_general_01\"><div class=\"wpb_wrapper\"><h3 class=\"special_headline\">ALLEMAGNE<\/h3>\n<ul>\n<li>Amcor<\/li>\n<li>Audi<\/li>\n<li>Bahlsen<\/li>\n<li>Ballerstaedt<\/li>\n<li>BASF<\/li>\n<li>Bilcare<\/li>\n<li>BMW<\/li>\n<li>BOSCH<\/li>\n<li>BST<\/li>\n<li>Cavendish<\/li>\n<li>Daimler<\/li>\n<li>EMTEC<\/li>\n<li>Europa Park<\/li>\n<li>Evonic<\/li>\n<li>Ferromatik Milacron<\/li>\n<li>Folienwerk Wolfen<\/li>\n<li>Formpack<\/li>\n<li>Ganter<\/li>\n<li>GOULD Electronics<\/li>\n<li>INEOS<\/li>\n<li>Kapselfabrik Schneider<\/li>\n<li>Kl\u00f6ckner Pentaplast<\/li>\n<li>Leeb-Folien<\/li>\n<li>Li-Tec<\/li>\n<li>Mack Rides<\/li>\n<li>Mondragon-Assembly<\/li>\n<li>Morlo<\/li>\n<li>Peguform<\/li>\n<li>Pioflex<\/li>\n<li>Reifenh\u00e4user<\/li>\n<li>Renolit<\/li>\n<li>Rhodia AG<\/li>\n<li>Schott AG<\/li>\n<li>Sicht Pack Hagner<\/li>\n<li>TESA-BDF Beiersdorf<\/li>\n<li>Thieme<\/li>\n<li>VKN<\/li>\n<\/ul>\n<\/div><\/div><\/div><\/div><\/div><div class=\"vc_col-sm-3 wpb_column vc_column_container us_animate_afb\" style=\"animation-delay:1s\"><div class=\"vc_column-inner\"><div class=\"wpb_wrapper\"><div class=\"wpb_text_column us_custom_08d660e1 custom_text_block_general_01\"><div class=\"wpb_wrapper\"><h3 class=\"special_headline\">FINLANDE<\/h3>\n<ul>\n<li>Pyroll Pakkaus<\/li>\n<\/ul>\n<\/div><\/div><div class=\"wpb_text_column us_custom_08d660e1 custom_text_block_general_01\"><div class=\"wpb_wrapper\"><h3 class=\"special_headline\">FRANCE<\/h3>\n<ul>\n<li>Amcor Flexibles<\/li>\n<li>Coli\u00e8ge M\u00e9talco Emballages<\/li>\n<li>Impressions de l\u2019Enclos<\/li>\n<li>La Bouchonnerie Capsulerie<\/li>\n<li>Ramondin<\/li>\n<li>Rivercap<\/li>\n<li>Saucaps<\/li>\n<li>Seticap<\/li>\n<li>Sofacap<\/li>\n<li>Sparflex<\/li>\n<li>Vipalux<\/li>\n<\/ul>\n<\/div><\/div><div class=\"wpb_text_column us_custom_08d660e1 custom_text_block_general_01\"><div class=\"wpb_wrapper\"><h3 class=\"special_headline\">GEORGIE<\/h3>\n<ul>\n<li>Dachhi<\/li>\n<\/ul>\n<\/div><\/div><div class=\"wpb_text_column us_custom_08d660e1 custom_text_block_general_01\"><div class=\"wpb_wrapper\"><h3 class=\"special_headline\">GRECE<\/h3>\n<ul>\n<li>Metalux<\/li>\n<\/ul>\n<\/div><\/div><div class=\"wpb_text_column us_custom_08d660e1 custom_text_block_general_01\"><div class=\"wpb_wrapper\"><h3 class=\"special_headline\">GRANDE BRETAGNE<\/h3>\n<ul>\n<li>NMC<\/li>\n<li>TW Parker<\/li>\n<li>Viscose Closures<\/li>\n<\/ul>\n<\/div><\/div><div class=\"wpb_text_column us_custom_08d660e1 custom_text_block_general_01\"><div class=\"wpb_wrapper\"><h3 class=\"special_headline\">INDE<\/h3>\n<ul>\n<li>Kl\u00f6ckner Pentaplast<\/li>\n<\/ul>\n<\/div><\/div><div class=\"wpb_text_column us_custom_08d660e1 custom_text_block_general_01\"><div class=\"wpb_wrapper\"><h3 class=\"special_headline\">IRAN<\/h3>\n<ul>\n<li>Chap Aluminium Iranzamin<\/li>\n<li>Kaach Packaging<\/li>\n<\/ul>\n<\/div><\/div><div class=\"wpb_text_column us_custom_08d660e1 custom_text_block_general_01\"><div class=\"wpb_wrapper\"><h3 class=\"special_headline\">ITALIE<\/h3>\n<ul>\n<li>Battistella<\/li>\n<li>Caltek<\/li>\n<li>Eurosigilli<\/li>\n<li>Gallazzi<\/li>\n<li>Mondial Capsule<\/li>\n<li>NMC Italia<\/li>\n<li>WineCover<\/li>\n<\/ul>\n<\/div><\/div><div class=\"wpb_text_column us_custom_08d660e1 custom_text_block_general_01\"><div class=\"wpb_wrapper\"><h3 class=\"special_headline\">JAPON<\/h3>\n<ul>\n<li>Hokuetsu<\/li>\n<\/ul>\n<\/div><\/div><div class=\"wpb_text_column us_custom_08d660e1 custom_text_block_general_01\"><div class=\"wpb_wrapper\"><h3 class=\"special_headline\">CANADA<\/h3>\n<ul>\n<li>Hagner Future Film 2000<\/li>\n<\/ul>\n<\/div><\/div><div class=\"wpb_text_column us_custom_08d660e1 custom_text_block_general_01\"><div class=\"wpb_wrapper\"><h3 class=\"special_headline\">KAZAKHSTAN<\/h3>\n<ul>\n<li>Tokk<\/li>\n<\/ul>\n<\/div><\/div><div class=\"wpb_text_column us_custom_08d660e1 custom_text_block_general_01\"><div class=\"wpb_wrapper\"><h3 class=\"special_headline\">LITUANIE<\/h3>\n<ul>\n<li>Alkopakas<\/li>\n<li>Junifol<\/li>\n<li>Balticcaps<\/li>\n<\/ul>\n<\/div><\/div><div class=\"wpb_text_column us_custom_08d660e1 custom_text_block_general_01\"><div class=\"wpb_wrapper\"><h3 class=\"special_headline\">MEXIQUE<\/h3>\n<ul>\n<li>PYN<\/li>\n<\/ul>\n<\/div><\/div><\/div><\/div><\/div><div class=\"vc_col-sm-3 wpb_column vc_column_container us_animate_afb\" style=\"animation-delay:1.5s\"><div class=\"vc_column-inner\"><div class=\"wpb_wrapper\"><div class=\"wpb_text_column us_custom_08d660e1 custom_text_block_general_01\"><div class=\"wpb_wrapper\"><h3 class=\"special_headline\">MOLDAVIE<\/h3>\n<ul>\n<li>Firstline<\/li>\n<\/ul>\n<\/div><\/div><div class=\"wpb_text_column us_custom_08d660e1 custom_text_block_general_01\"><div class=\"wpb_wrapper\"><h3 class=\"special_headline\">NORWEGE<\/h3>\n<ul>\n<li>Renolit Norge<\/li>\n<li>Riflex<\/li>\n<\/ul>\n<\/div><\/div><div class=\"wpb_text_column us_custom_08d660e1 custom_text_block_general_01\"><div class=\"wpb_wrapper\"><h3 class=\"special_headline\">PHILIPPINES<\/h3>\n<ul>\n<li>Moldex<\/li>\n<\/ul>\n<\/div><\/div><div class=\"wpb_text_column us_custom_08d660e1 custom_text_block_general_01\"><div class=\"wpb_wrapper\"><h3 class=\"special_headline\">POLOGNE<\/h3>\n<ul>\n<li>Formika<\/li>\n<li>Top System<\/li>\n<\/ul>\n<\/div><\/div><div class=\"wpb_text_column us_custom_08d660e1 custom_text_block_general_01\"><div class=\"wpb_wrapper\"><h3 class=\"special_headline\">PORTUGAL<\/h3>\n<ul>\n<li>C\u00e1psulas do Norte<\/li>\n<li>Portuca<\/li>\n<li>AC Relvas<\/li>\n<li>VOX<\/li>\n<\/ul>\n<\/div><\/div><div class=\"wpb_text_column us_custom_08d660e1 custom_text_block_general_01\"><div class=\"wpb_wrapper\"><h3 class=\"special_headline\">ROUMANIE<\/h3>\n<ul>\n<li>Etichete Flexo<\/li>\n<\/ul>\n<\/div><\/div><div class=\"wpb_text_column us_custom_08d660e1 custom_text_block_general_01\"><div class=\"wpb_wrapper\"><h3 class=\"special_headline\">RUSSIE<\/h3>\n<ul>\n<li>Kreis<\/li>\n<li>Junifol<\/li>\n<li>Politen<\/li>\n<li>Rusal<\/li>\n<li>Rusvinpak<\/li>\n<li>Technopak<\/li>\n<\/ul>\n<\/div><\/div><div class=\"wpb_text_column us_custom_08d660e1 custom_text_block_general_01\"><div class=\"wpb_wrapper\"><h3 class=\"special_headline\">SUISSE<\/h3>\n<ul>\n<li>Burger S\u00f6hne<\/li>\n<li>Argolite<\/li>\n<\/ul>\n<\/div><\/div><div class=\"wpb_text_column us_custom_08d660e1 custom_text_block_general_01\"><div class=\"wpb_wrapper\"><h3 class=\"special_headline\">ESPAGNE<\/h3>\n<ul>\n<li>Canals<\/li>\n<li>Dismol<\/li>\n<li>Vintacap<\/li>\n<li>Ramondin<\/li>\n<li>Renolit<\/li>\n<li>Rivercap<\/li>\n<li>Mondragon<\/li>\n<li>Ibelacp<\/li>\n<\/ul>\n<\/div><\/div><\/div><\/div><\/div><div class=\"vc_col-sm-3 wpb_column vc_column_container us_animate_afb\" style=\"animation-delay:2s\"><div class=\"vc_column-inner\"><div class=\"wpb_wrapper\"><div class=\"wpb_text_column us_custom_08d660e1 custom_text_block_general_01\"><div class=\"wpb_wrapper\"><h3 class=\"special_headline\">AFRIQUE DU SUD<\/h3>\n<ul>\n<li>Colpak<\/li>\n<li>Columbit<\/li>\n<\/ul>\n<\/div><\/div><div class=\"wpb_text_column us_custom_08d660e1 custom_text_block_general_01\"><div class=\"wpb_wrapper\"><h3 class=\"special_headline\">TAIWAN<\/h3>\n<ul>\n<li>Allen Plastic<\/li>\n<\/ul>\n<\/div><\/div><div class=\"wpb_text_column us_custom_08d660e1 custom_text_block_general_01\"><div class=\"wpb_wrapper\"><h3 class=\"special_headline\">TCHEQUIE<\/h3>\n<ul>\n<li>Pemag<\/li>\n<\/ul>\n<\/div><\/div><div class=\"wpb_text_column us_custom_08d660e1 custom_text_block_general_01\"><div class=\"wpb_wrapper\"><h3 class=\"special_headline\">TURQUIE<\/h3>\n<ul>\n<li>Fencaps<\/li>\n<li>Mopak<\/li>\n<li>Teko<\/li>\n<\/ul>\n<\/div><\/div><div class=\"wpb_text_column us_custom_08d660e1 custom_text_block_general_01\"><div class=\"wpb_wrapper\"><h3 class=\"special_headline\">UKRAINE<\/h3>\n<ul>\n<li>Technologia<\/li>\n<li>Vincaps-Continen<\/li>\n<\/ul>\n<\/div><\/div><div class=\"wpb_text_column us_custom_08d660e1 custom_text_block_general_01\"><div class=\"wpb_wrapper\"><h3 class=\"special_headline\">ETATS UNIS<\/h3>\n<ul>\n<li>Janson Capsules<\/li>\n<li>Kl\u00f6ckner Pentaplast of America<\/li>\n<li>Maverick<\/li>\n<li>Phoenix Packaging Operations<\/li>\n<li>Printpack<\/li>\n<li>Ramondin<\/li>\n<li>Rivercap<\/li>\n<li>Solar World<\/li>\n<li>Solo Power<\/li>\n<li>Solon<\/li>\n<li>Ultra Clean<\/li>\n<\/ul>\n<\/div><\/div><div class=\"wpb_text_column us_custom_08d660e1 custom_text_block_general_01\"><div class=\"wpb_wrapper\"><h3 class=\"special_headline\">Bi\u00e9lorussie<\/h3>\n<ul>\n<li>Teo Pack<\/li>\n<\/ul>\n<\/div><\/div><\/div><\/div><\/div><\/div><\/div><\/div><\/div><\/div><\/div><\/section>\n","protected":false},"excerpt":{"rendered":"Fabriqu\u00e9 en Allemagne par EMB Nos clients dans le monde entier utilisent avec succ\u00e8s les machines d&rsquo;Emmendinger Maschinenbau, fabriqu\u00e9es en Allemagne. Nos employ\u00e9s multilingues r\u00e9pondront \u00e0 toutes vos questions et seront \u00e0 votre disposition par le soutien en ligne et la fourniture des pi\u00e8ces de rechange. Veuillez trouver un extrait de notre liste de clients....","protected":false},"author":1,"featured_media":2125,"parent":0,"menu_order":0,"comment_status":"closed","ping_status":"closed","template":"","meta":{"footnotes":""},"class_list":["post-2367","page","type-page","status-publish","has-post-thumbnail","hentry"],"yoast_head":"<!-- This site is optimized with the Yoast SEO plugin v27.3 - https:\/\/yoast.com\/product\/yoast-seo-wordpress\/ -->\n<title>R\u00e9f\u00e9rences - Emmendinger Maschinenbau GmbH<\/title>\n<meta name=\"description\" content=\"Mit der Verbindung aus Tradition und Innovation sind wir seit \u00fcber sechs Jahrzehnten einer starker und verl\u00e4sslicher Partner f\u00fcr unsere Kunden in der ganzen Welt.\" \/>\n<meta name=\"robots\" content=\"index, follow, max-snippet:-1, max-image-preview:large, max-video-preview:-1\" \/>\n<link rel=\"canonical\" href=\"https:\/\/emmendinger.de\/fr\/references\/\" \/>\n<meta property=\"og:locale\" content=\"fr_FR\" \/>\n<meta property=\"og:type\" content=\"article\" \/>\n<meta property=\"og:title\" content=\"R\u00e9f\u00e9rences - Emmendinger Maschinenbau GmbH\" \/>\n<meta property=\"og:description\" content=\"Mit der Verbindung aus Tradition und Innovation sind wir seit \u00fcber sechs Jahrzehnten einer starker und verl\u00e4sslicher Partner f\u00fcr unsere Kunden in der ganzen Welt.\" \/>\n<meta property=\"og:url\" content=\"https:\/\/emmendinger.de\/fr\/references\/\" \/>\n<meta property=\"og:site_name\" content=\"Emmendinger Maschinenbau GmbH\" \/>\n<meta property=\"article:modified_time\" content=\"2025-12-08T00:59:52+00:00\" \/>\n<meta property=\"og:image\" content=\"https:\/\/emmendinger.de\/wp-content\/uploads\/2021\/03\/Header_QS_multi-1.jpg\" \/>\n\t<meta property=\"og:image:width\" content=\"1920\" \/>\n\t<meta property=\"og:image:height\" content=\"1280\" \/>\n\t<meta property=\"og:image:type\" content=\"image\/jpeg\" \/>\n<meta name=\"twitter:card\" content=\"summary_large_image\" \/>\n<meta name=\"twitter:label1\" content=\"Dur\u00e9e de lecture estim\u00e9e\" \/>\n\t<meta name=\"twitter:data1\" content=\"7 minutes\" \/>\n<script type=\"application\/ld+json\" class=\"yoast-schema-graph\">{\"@context\":\"https:\\\/\\\/schema.org\",\"@graph\":[{\"@type\":\"WebPage\",\"@id\":\"https:\\\/\\\/emmendinger.de\\\/fr\\\/references\\\/\",\"url\":\"https:\\\/\\\/emmendinger.de\\\/fr\\\/references\\\/\",\"name\":\"R\u00e9f\u00e9rences - Emmendinger Maschinenbau GmbH\",\"isPartOf\":{\"@id\":\"https:\\\/\\\/emmendinger.de\\\/fr\\\/#website\"},\"primaryImageOfPage\":{\"@id\":\"https:\\\/\\\/emmendinger.de\\\/fr\\\/references\\\/#primaryimage\"},\"image\":{\"@id\":\"https:\\\/\\\/emmendinger.de\\\/fr\\\/references\\\/#primaryimage\"},\"thumbnailUrl\":\"https:\\\/\\\/emmendinger.de\\\/wp-content\\\/uploads\\\/2021\\\/03\\\/Header_QS_multi-1.jpg\",\"datePublished\":\"2021-01-27T08:25:29+00:00\",\"dateModified\":\"2025-12-08T00:59:52+00:00\",\"description\":\"Mit der Verbindung aus Tradition und Innovation sind wir seit \u00fcber sechs Jahrzehnten einer starker und verl\u00e4sslicher Partner f\u00fcr unsere Kunden in der ganzen Welt.\",\"breadcrumb\":{\"@id\":\"https:\\\/\\\/emmendinger.de\\\/fr\\\/references\\\/#breadcrumb\"},\"inLanguage\":\"fr-FR\",\"potentialAction\":[{\"@type\":\"ReadAction\",\"target\":[\"https:\\\/\\\/emmendinger.de\\\/fr\\\/references\\\/\"]}]},{\"@type\":\"ImageObject\",\"inLanguage\":\"fr-FR\",\"@id\":\"https:\\\/\\\/emmendinger.de\\\/fr\\\/references\\\/#primaryimage\",\"url\":\"https:\\\/\\\/emmendinger.de\\\/wp-content\\\/uploads\\\/2021\\\/03\\\/Header_QS_multi-1.jpg\",\"contentUrl\":\"https:\\\/\\\/emmendinger.de\\\/wp-content\\\/uploads\\\/2021\\\/03\\\/Header_QS_multi-1.jpg\",\"width\":1920,\"height\":1280},{\"@type\":\"BreadcrumbList\",\"@id\":\"https:\\\/\\\/emmendinger.de\\\/fr\\\/references\\\/#breadcrumb\",\"itemListElement\":[{\"@type\":\"ListItem\",\"position\":1,\"name\":\"Home\",\"item\":\"https:\\\/\\\/emmendinger.de\\\/fr\\\/\"},{\"@type\":\"ListItem\",\"position\":2,\"name\":\"R\u00e9f\u00e9rences\"}]},{\"@type\":\"WebSite\",\"@id\":\"https:\\\/\\\/emmendinger.de\\\/fr\\\/#website\",\"url\":\"https:\\\/\\\/emmendinger.de\\\/fr\\\/\",\"name\":\"Emmendinger Maschinenbau GmbH\",\"description\":\"The Art of precision\",\"publisher\":{\"@id\":\"https:\\\/\\\/emmendinger.de\\\/fr\\\/#organization\"},\"potentialAction\":[{\"@type\":\"SearchAction\",\"target\":{\"@type\":\"EntryPoint\",\"urlTemplate\":\"https:\\\/\\\/emmendinger.de\\\/fr\\\/?s={search_term_string}\"},\"query-input\":{\"@type\":\"PropertyValueSpecification\",\"valueRequired\":true,\"valueName\":\"search_term_string\"}}],\"inLanguage\":\"fr-FR\"},{\"@type\":\"Organization\",\"@id\":\"https:\\\/\\\/emmendinger.de\\\/fr\\\/#organization\",\"name\":\"Emmendinger Maschinenbau GmbH\",\"url\":\"https:\\\/\\\/emmendinger.de\\\/fr\\\/\",\"logo\":{\"@type\":\"ImageObject\",\"inLanguage\":\"fr-FR\",\"@id\":\"https:\\\/\\\/emmendinger.de\\\/fr\\\/#\\\/schema\\\/logo\\\/image\\\/\",\"url\":\"https:\\\/\\\/emmendinger.de\\\/wp-content\\\/uploads\\\/2021\\\/01\\\/favicon-01.png\",\"contentUrl\":\"https:\\\/\\\/emmendinger.de\\\/wp-content\\\/uploads\\\/2021\\\/01\\\/favicon-01.png\",\"width\":1146,\"height\":1147,\"caption\":\"Emmendinger Maschinenbau GmbH\"},\"image\":{\"@id\":\"https:\\\/\\\/emmendinger.de\\\/fr\\\/#\\\/schema\\\/logo\\\/image\\\/\"}}]}<\/script>\n<!-- \/ Yoast SEO plugin. -->","yoast_head_json":{"title":"R\u00e9f\u00e9rences - Emmendinger Maschinenbau GmbH","description":"Mit der Verbindung aus Tradition und Innovation sind wir seit \u00fcber sechs Jahrzehnten einer starker und verl\u00e4sslicher Partner f\u00fcr unsere Kunden in der ganzen Welt.","robots":{"index":"index","follow":"follow","max-snippet":"max-snippet:-1","max-image-preview":"max-image-preview:large","max-video-preview":"max-video-preview:-1"},"canonical":"https:\/\/emmendinger.de\/fr\/references\/","og_locale":"fr_FR","og_type":"article","og_title":"R\u00e9f\u00e9rences - Emmendinger Maschinenbau GmbH","og_description":"Mit der Verbindung aus Tradition und Innovation sind wir seit \u00fcber sechs Jahrzehnten einer starker und verl\u00e4sslicher Partner f\u00fcr unsere Kunden in der ganzen Welt.","og_url":"https:\/\/emmendinger.de\/fr\/references\/","og_site_name":"Emmendinger Maschinenbau GmbH","article_modified_time":"2025-12-08T00:59:52+00:00","og_image":[{"width":1920,"height":1280,"url":"https:\/\/emmendinger.de\/wp-content\/uploads\/2021\/03\/Header_QS_multi-1.jpg","type":"image\/jpeg"}],"twitter_card":"summary_large_image","twitter_misc":{"Dur\u00e9e de lecture estim\u00e9e":"7 minutes"},"schema":{"@context":"https:\/\/schema.org","@graph":[{"@type":"WebPage","@id":"https:\/\/emmendinger.de\/fr\/references\/","url":"https:\/\/emmendinger.de\/fr\/references\/","name":"R\u00e9f\u00e9rences - Emmendinger Maschinenbau GmbH","isPartOf":{"@id":"https:\/\/emmendinger.de\/fr\/#website"},"primaryImageOfPage":{"@id":"https:\/\/emmendinger.de\/fr\/references\/#primaryimage"},"image":{"@id":"https:\/\/emmendinger.de\/fr\/references\/#primaryimage"},"thumbnailUrl":"https:\/\/emmendinger.de\/wp-content\/uploads\/2021\/03\/Header_QS_multi-1.jpg","datePublished":"2021-01-27T08:25:29+00:00","dateModified":"2025-12-08T00:59:52+00:00","description":"Mit der Verbindung aus Tradition und Innovation sind wir seit \u00fcber sechs Jahrzehnten einer starker und verl\u00e4sslicher Partner f\u00fcr unsere Kunden in der ganzen Welt.","breadcrumb":{"@id":"https:\/\/emmendinger.de\/fr\/references\/#breadcrumb"},"inLanguage":"fr-FR","potentialAction":[{"@type":"ReadAction","target":["https:\/\/emmendinger.de\/fr\/references\/"]}]},{"@type":"ImageObject","inLanguage":"fr-FR","@id":"https:\/\/emmendinger.de\/fr\/references\/#primaryimage","url":"https:\/\/emmendinger.de\/wp-content\/uploads\/2021\/03\/Header_QS_multi-1.jpg","contentUrl":"https:\/\/emmendinger.de\/wp-content\/uploads\/2021\/03\/Header_QS_multi-1.jpg","width":1920,"height":1280},{"@type":"BreadcrumbList","@id":"https:\/\/emmendinger.de\/fr\/references\/#breadcrumb","itemListElement":[{"@type":"ListItem","position":1,"name":"Home","item":"https:\/\/emmendinger.de\/fr\/"},{"@type":"ListItem","position":2,"name":"R\u00e9f\u00e9rences"}]},{"@type":"WebSite","@id":"https:\/\/emmendinger.de\/fr\/#website","url":"https:\/\/emmendinger.de\/fr\/","name":"Emmendinger Maschinenbau GmbH","description":"The Art of precision","publisher":{"@id":"https:\/\/emmendinger.de\/fr\/#organization"},"potentialAction":[{"@type":"SearchAction","target":{"@type":"EntryPoint","urlTemplate":"https:\/\/emmendinger.de\/fr\/?s={search_term_string}"},"query-input":{"@type":"PropertyValueSpecification","valueRequired":true,"valueName":"search_term_string"}}],"inLanguage":"fr-FR"},{"@type":"Organization","@id":"https:\/\/emmendinger.de\/fr\/#organization","name":"Emmendinger Maschinenbau GmbH","url":"https:\/\/emmendinger.de\/fr\/","logo":{"@type":"ImageObject","inLanguage":"fr-FR","@id":"https:\/\/emmendinger.de\/fr\/#\/schema\/logo\/image\/","url":"https:\/\/emmendinger.de\/wp-content\/uploads\/2021\/01\/favicon-01.png","contentUrl":"https:\/\/emmendinger.de\/wp-content\/uploads\/2021\/01\/favicon-01.png","width":1146,"height":1147,"caption":"Emmendinger Maschinenbau GmbH"},"image":{"@id":"https:\/\/emmendinger.de\/fr\/#\/schema\/logo\/image\/"}}]}},"_links":{"self":[{"href":"https:\/\/emmendinger.de\/fr\/wp-json\/wp\/v2\/pages\/2367","targetHints":{"allow":["GET"]}}],"collection":[{"href":"https:\/\/emmendinger.de\/fr\/wp-json\/wp\/v2\/pages"}],"about":[{"href":"https:\/\/emmendinger.de\/fr\/wp-json\/wp\/v2\/types\/page"}],"author":[{"embeddable":true,"href":"https:\/\/emmendinger.de\/fr\/wp-json\/wp\/v2\/users\/1"}],"replies":[{"embeddable":true,"href":"https:\/\/emmendinger.de\/fr\/wp-json\/wp\/v2\/comments?post=2367"}],"version-history":[{"count":7,"href":"https:\/\/emmendinger.de\/fr\/wp-json\/wp\/v2\/pages\/2367\/revisions"}],"predecessor-version":[{"id":3440,"href":"https:\/\/emmendinger.de\/fr\/wp-json\/wp\/v2\/pages\/2367\/revisions\/3440"}],"wp:featuredmedia":[{"embeddable":true,"href":"https:\/\/emmendinger.de\/fr\/wp-json\/wp\/v2\/media\/2125"}],"wp:attachment":[{"href":"https:\/\/emmendinger.de\/fr\/wp-json\/wp\/v2\/media?parent=2367"}],"curies":[{"name":"wp","href":"https:\/\/api.w.org\/{rel}","templated":true}]}}