{"id":2373,"date":"2021-01-27T09:25:29","date_gmt":"2021-01-27T08:25:29","guid":{"rendered":"https:\/\/www.stage.emmendinger.de\/riferimenti\/"},"modified":"2025-12-08T02:03:32","modified_gmt":"2025-12-08T01:03:32","slug":"riferimenti","status":"publish","type":"page","link":"https:\/\/emmendinger.de\/it\/riferimenti\/","title":{"rendered":"Riferimenti"},"content":{"rendered":"<section class=\"l-section wpb_row us_custom_2c2b726a height_huge\"><div class=\"l-section-h i-cf\"><div class=\"g-cols vc_row via_flex valign_top type_default stacking_default\"><div class=\"vc_col-sm-12 vc_col-lg-8 vc_col-md-9 vc_col-xs-12 wpb_column vc_column_container\"><div class=\"vc_column-inner\"><div class=\"wpb_wrapper\"><div class=\"g-cols wpb_row via_flex valign_top type_default stacking_default\"><div class=\"vc_col-sm-12 wpb_column vc_column_container us_animate_afl\"><div class=\"vc_column-inner us_custom_c86f0a77\"><div class=\"wpb_wrapper\"><div class=\"wpb_text_column\"><div class=\"wpb_wrapper\"><h2>Prodotto in Germania da EMB<\/h2>\n<\/div><\/div><div class=\"wpb_text_column\"><div class=\"wpb_wrapper\"><p>I clienti di tutto il mondo producono con successo su macchine di Emmendinger Maschinenbau, prodotte in Germania.<br \/>\nI nostri dipendenti multilingui saranno felici di rispondere alle vostre domande e sono disponibili per il supporto online e il servizio di parti di ricambio. Si prega di guardare l\u2019estratto dalla nostra lista dei clienti.<\/p>\n<\/div><\/div><\/div><\/div><\/div><\/div><\/div><\/div><\/div><div class=\"vc_col-sm-12 vc_col-lg-4 vc_col-md-3 vc_col-xs-12 wpb_column vc_column_container\"><div class=\"vc_column-inner\"><div class=\"wpb_wrapper\"><\/div><\/div><\/div><\/div><\/div><\/section><section class=\"l-section wpb_row us_custom_cded9059 height_huge\"><div class=\"l-section-h i-cf\"><div class=\"g-cols vc_row via_flex valign_top type_default stacking_default\"><div class=\"vc_col-sm-12 wpb_column vc_column_container us_animate_fade\"><div class=\"vc_column-inner\"><div class=\"wpb_wrapper\"><div class=\"g-cols wpb_row via_flex valign_top type_default stacking_default\"><div class=\"vc_col-sm-12 wpb_column vc_column_container\"><div class=\"vc_column-inner\"><div class=\"wpb_wrapper\">[vc_raw_html]JTVCZGlzcGxheS1tYXAlMjBpZCUzRCUyNzcwMCUyNyU1RA==[\/vc_raw_html]<\/div><\/div><\/div><\/div><\/div><\/div><\/div><\/div><\/div><\/section><section class=\"l-section wpb_row height_huge\"><div class=\"l-section-h i-cf\"><div class=\"g-cols vc_row via_flex valign_top type_default stacking_default\"><div class=\"vc_col-sm-12 wpb_column vc_column_container\"><div class=\"vc_column-inner\"><div class=\"wpb_wrapper\"><div class=\"g-cols wpb_row via_flex valign_top type_default stacking_default\"><div class=\"vc_col-sm-3 wpb_column vc_column_container us_animate_afb\" style=\"animation-delay:0.5s\"><div class=\"vc_column-inner\"><div class=\"wpb_wrapper\"><div class=\"wpb_text_column us_custom_08d660e1 custom_text_block_general_01\"><div class=\"wpb_wrapper\"><h3 class=\"special_headline\">Armenia<\/h3>\n<ul>\n<li>Thermocaps<\/li>\n<\/ul>\n<\/div><\/div><div class=\"wpb_text_column us_custom_08d660e1 custom_text_block_general_01\"><div class=\"wpb_wrapper\"><h3 class=\"special_headline\">Argentina<\/h3>\n<ul>\n<li>Envases del Plata<\/li>\n<li>Falumdel<\/li>\n<li>Faben<\/li>\n<li>Kl\u00f6ckner Pentaplast<\/li>\n<li>Label Solutions<\/li>\n<li>Ramond\u00edn<\/li>\n<li>Victorio Altieri<\/li>\n<\/ul>\n<\/div><\/div><div class=\"wpb_text_column us_custom_08d660e1 custom_text_block_general_01\"><div class=\"wpb_wrapper\"><h3 class=\"special_headline\">Australia<\/h3>\n<ul>\n<li>enoplastic AUS<\/li>\n<li>The Van Dyke Press<\/li>\n<li>PACIFIX<\/li>\n<\/ul>\n<\/div><\/div><div class=\"wpb_text_column us_custom_08d660e1 custom_text_block_general_01\"><div class=\"wpb_wrapper\"><h3 class=\"special_headline\">Belgio<\/h3>\n<ul>\n<li>AGFA<\/li>\n<li>Belgian Bottlecaps<\/li>\n<li>NMC<\/li>\n<\/ul>\n<\/div><\/div><div class=\"wpb_text_column us_custom_08d660e1 custom_text_block_general_01\"><div class=\"wpb_wrapper\"><h3 class=\"special_headline\">Brasile<\/h3>\n<ul>\n<li>BASF<\/li>\n<li>Bemis<\/li>\n<li>Amcor Flexibles Latin America<\/li>\n<li>Emplal<\/li>\n<li>Flexoprint<\/li>\n<li>Metiq<\/li>\n<\/ul>\n<\/div><\/div><div class=\"wpb_text_column us_custom_08d660e1 custom_text_block_general_01\"><div class=\"wpb_wrapper\"><h3 class=\"special_headline\">Bulgaria<\/h3>\n<ul>\n<li>Elena Group<\/li>\n<li>Linea Pack<\/li>\n<\/ul>\n<\/div><\/div><div class=\"wpb_text_column us_custom_08d660e1 custom_text_block_general_01\"><div class=\"wpb_wrapper\"><h3 class=\"special_headline\">CILE<\/h3>\n<ul>\n<li>Lafitte<\/li>\n<li>Pedro Torrens<\/li>\n<li>Rahue<\/li>\n<\/ul>\n<\/div><\/div><div class=\"wpb_text_column us_custom_08d660e1 custom_text_block_general_01\"><div class=\"wpb_wrapper\"><h3 class=\"special_headline\">CINA<\/h3>\n<ul>\n<li>AnQiu JingZhi<\/li>\n<\/ul>\n<\/div><\/div><div class=\"wpb_text_column us_custom_08d660e1 custom_text_block_general_01\"><div class=\"wpb_wrapper\"><h3 class=\"special_headline\">Germania<\/h3>\n<ul>\n<li>Amcor<\/li>\n<li>Audi<\/li>\n<li>Bahlsen<\/li>\n<li>Ballerstaedt<\/li>\n<li>BASF<\/li>\n<li>Bilcare<\/li>\n<li>BMW<\/li>\n<li>BOSCH<\/li>\n<li>BST<\/li>\n<li>Cavendish<\/li>\n<li>Daimler<\/li>\n<li>EMTEC<\/li>\n<li>Europa Park<\/li>\n<li>Evonic<\/li>\n<li>Ferromatik Milacron<\/li>\n<li>Folienwerk Wolfen<\/li>\n<li>Formpack<\/li>\n<li>Ganter<\/li>\n<li>GOULD Electronics<\/li>\n<li>INEOS<\/li>\n<li>Kapselfabrik Schneider<\/li>\n<li>Kl\u00f6ckner Pentaplast<\/li>\n<li>Leeb-Folien<\/li>\n<li>Li-Tec<\/li>\n<li>Mack Rides<\/li>\n<li>Mondragon-Assembly<\/li>\n<li>Morlo<\/li>\n<li>Peguform<\/li>\n<li>Pioflex<\/li>\n<li>Reifenh\u00e4user<\/li>\n<li>Renolit<\/li>\n<li>Rhodia AG<\/li>\n<li>Schott AG<\/li>\n<li>Sicht Pack Hagner<\/li>\n<li>TESA-BDF Beiersdorf<\/li>\n<li>Thieme<\/li>\n<li>VKN<\/li>\n<\/ul>\n<\/div><\/div><\/div><\/div><\/div><div class=\"vc_col-sm-3 wpb_column vc_column_container us_animate_afb\" style=\"animation-delay:1s\"><div class=\"vc_column-inner\"><div class=\"wpb_wrapper\"><div class=\"wpb_text_column us_custom_08d660e1 custom_text_block_general_01\"><div class=\"wpb_wrapper\"><h3 class=\"special_headline\">Finlandia<\/h3>\n<ul>\n<li>Pyroll Pakkaus<\/li>\n<\/ul>\n<\/div><\/div><div class=\"wpb_text_column us_custom_08d660e1 custom_text_block_general_01\"><div class=\"wpb_wrapper\"><h3 class=\"special_headline\">Francia<\/h3>\n<ul>\n<li>Amcor Flexibles<\/li>\n<li>Coli\u00e8ge M\u00e9talco Emballages<\/li>\n<li>Impressions de l\u2019Enclos<\/li>\n<li>La Bouchonnerie Capsulerie<\/li>\n<li>Ramondin<\/li>\n<li>Rivercap<\/li>\n<li>Saucaps<\/li>\n<li>Seticap<\/li>\n<li>Sofacap<\/li>\n<li>Sparflex<\/li>\n<li>Vipalux<\/li>\n<\/ul>\n<\/div><\/div><div class=\"wpb_text_column us_custom_08d660e1 custom_text_block_general_01\"><div class=\"wpb_wrapper\"><h3 class=\"special_headline\">Georgia<\/h3>\n<ul>\n<li>Dachhi<\/li>\n<\/ul>\n<\/div><\/div><div class=\"wpb_text_column us_custom_08d660e1 custom_text_block_general_01\"><div class=\"wpb_wrapper\"><h3 class=\"special_headline\">Grecia<\/h3>\n<ul>\n<li>Metalux<\/li>\n<\/ul>\n<\/div><\/div><div class=\"wpb_text_column us_custom_08d660e1 custom_text_block_general_01\"><div class=\"wpb_wrapper\"><h3 class=\"special_headline\">Gran Bretagna<\/h3>\n<ul>\n<li>NMC<\/li>\n<li>TW Parker<\/li>\n<li>Viscose Closures<\/li>\n<\/ul>\n<\/div><\/div><div class=\"wpb_text_column us_custom_08d660e1 custom_text_block_general_01\"><div class=\"wpb_wrapper\"><h3 class=\"special_headline\">India<\/h3>\n<ul>\n<li>Kl\u00f6ckner Pentaplast<\/li>\n<\/ul>\n<\/div><\/div><div class=\"wpb_text_column us_custom_08d660e1 custom_text_block_general_01\"><div class=\"wpb_wrapper\"><h3 class=\"special_headline\">IRAN<\/h3>\n<ul>\n<li>Chap Aluminium Iranzamin<\/li>\n<li>Kaach Packaging<\/li>\n<\/ul>\n<\/div><\/div><div class=\"wpb_text_column us_custom_08d660e1 custom_text_block_general_01\"><div class=\"wpb_wrapper\"><h3 class=\"special_headline\">Italia<\/h3>\n<ul>\n<li>Battistella<\/li>\n<li>Caltek<\/li>\n<li>Eurosigilli<\/li>\n<li>Gallazzi<\/li>\n<li>Mondial Capsule<\/li>\n<li>NMC Italia<\/li>\n<li>WineCover<\/li>\n<\/ul>\n<\/div><\/div><div class=\"wpb_text_column us_custom_08d660e1 custom_text_block_general_01\"><div class=\"wpb_wrapper\"><h3 class=\"special_headline\">Giappone<\/h3>\n<ul>\n<li>Hokuetsu<\/li>\n<\/ul>\n<\/div><\/div><div class=\"wpb_text_column us_custom_08d660e1 custom_text_block_general_01\"><div class=\"wpb_wrapper\"><h3 class=\"special_headline\">CANADA<\/h3>\n<ul>\n<li>Hagner Future Film 2000<\/li>\n<\/ul>\n<\/div><\/div><div class=\"wpb_text_column us_custom_08d660e1 custom_text_block_general_01\"><div class=\"wpb_wrapper\"><h3 class=\"special_headline\">Kazakistan<\/h3>\n<ul>\n<li>Tokk<\/li>\n<\/ul>\n<\/div><\/div><div class=\"wpb_text_column us_custom_08d660e1 custom_text_block_general_01\"><div class=\"wpb_wrapper\"><h3 class=\"special_headline\">Lituania<\/h3>\n<ul>\n<li>Alkopakas<\/li>\n<li>Junifol<\/li>\n<li>Balticcaps<\/li>\n<\/ul>\n<\/div><\/div><div class=\"wpb_text_column us_custom_08d660e1 custom_text_block_general_01\"><div class=\"wpb_wrapper\"><h3 class=\"special_headline\">Messico<\/h3>\n<ul>\n<li>PYN<\/li>\n<\/ul>\n<\/div><\/div><\/div><\/div><\/div><div class=\"vc_col-sm-3 wpb_column vc_column_container us_animate_afb\" style=\"animation-delay:1.5s\"><div class=\"vc_column-inner\"><div class=\"wpb_wrapper\"><div class=\"wpb_text_column us_custom_08d660e1 custom_text_block_general_01\"><div class=\"wpb_wrapper\"><h3 class=\"special_headline\">Moldavia<\/h3>\n<ul>\n<li>Firstline<\/li>\n<\/ul>\n<\/div><\/div><div class=\"wpb_text_column us_custom_08d660e1 custom_text_block_general_01\"><div class=\"wpb_wrapper\"><h3 class=\"special_headline\">Norvegia<\/h3>\n<ul>\n<li>Renolit Norge<\/li>\n<li>Riflex<\/li>\n<\/ul>\n<\/div><\/div><div class=\"wpb_text_column us_custom_08d660e1 custom_text_block_general_01\"><div class=\"wpb_wrapper\"><h3 class=\"special_headline\">Filippine<\/h3>\n<ul>\n<li>Moldex<\/li>\n<\/ul>\n<\/div><\/div><div class=\"wpb_text_column us_custom_08d660e1 custom_text_block_general_01\"><div class=\"wpb_wrapper\"><h3 class=\"special_headline\">Polonia<\/h3>\n<ul>\n<li>Formika<\/li>\n<li>Top System<\/li>\n<\/ul>\n<\/div><\/div><div class=\"wpb_text_column us_custom_08d660e1 custom_text_block_general_01\"><div class=\"wpb_wrapper\"><h3 class=\"special_headline\">Portogallo<\/h3>\n<ul>\n<li>C\u00e1psulas do Norte<\/li>\n<li>Portuca<\/li>\n<li>AC Relvas<\/li>\n<li>VOX<\/li>\n<\/ul>\n<\/div><\/div><div class=\"wpb_text_column us_custom_08d660e1 custom_text_block_general_01\"><div class=\"wpb_wrapper\"><h3 class=\"special_headline\">Romania<\/h3>\n<ul>\n<li>Etichete Flexo<\/li>\n<\/ul>\n<\/div><\/div><div class=\"wpb_text_column us_custom_08d660e1 custom_text_block_general_01\"><div class=\"wpb_wrapper\"><h3 class=\"special_headline\">Russia<\/h3>\n<ul>\n<li>Kreis<\/li>\n<li>Junifol<\/li>\n<li>Politen<\/li>\n<li>Rusal<\/li>\n<li>Rusvinpak<\/li>\n<li>Technopak<\/li>\n<\/ul>\n<\/div><\/div><div class=\"wpb_text_column us_custom_08d660e1 custom_text_block_general_01\"><div class=\"wpb_wrapper\"><h3 class=\"special_headline\">Svizzera<\/h3>\n<ul>\n<li>Burger S\u00f6hne<\/li>\n<li>Argolite<\/li>\n<\/ul>\n<\/div><\/div><div class=\"wpb_text_column us_custom_08d660e1 custom_text_block_general_01\"><div class=\"wpb_wrapper\"><h3 class=\"special_headline\">Spagna<\/h3>\n<ul>\n<li>Canals<\/li>\n<li>Dismol<\/li>\n<li>Vintacap<\/li>\n<li>Ramondin<\/li>\n<li>Renolit<\/li>\n<li>Rivercap<\/li>\n<li>Mondragon<\/li>\n<li>Ibelacp<\/li>\n<\/ul>\n<\/div><\/div><\/div><\/div><\/div><div class=\"vc_col-sm-3 wpb_column vc_column_container us_animate_afb\" style=\"animation-delay:2s\"><div class=\"vc_column-inner\"><div class=\"wpb_wrapper\"><div class=\"wpb_text_column us_custom_08d660e1 custom_text_block_general_01\"><div class=\"wpb_wrapper\"><h3 class=\"special_headline\">Sudafrica<\/h3>\n<ul>\n<li>Colpak<\/li>\n<li>Columbit<\/li>\n<\/ul>\n<\/div><\/div><div class=\"wpb_text_column us_custom_08d660e1 custom_text_block_general_01\"><div class=\"wpb_wrapper\"><h3 class=\"special_headline\">Taiwan<\/h3>\n<ul>\n<li>Allen Plastic<\/li>\n<\/ul>\n<\/div><\/div><div class=\"wpb_text_column us_custom_08d660e1 custom_text_block_general_01\"><div class=\"wpb_wrapper\"><h3 class=\"special_headline\">Repubblica ceca<\/h3>\n<ul>\n<li>Pemag<\/li>\n<\/ul>\n<\/div><\/div><div class=\"wpb_text_column us_custom_08d660e1 custom_text_block_general_01\"><div class=\"wpb_wrapper\"><h3 class=\"special_headline\">Turchia<\/h3>\n<ul>\n<li>Fencaps<\/li>\n<li>Mopak<\/li>\n<li>Teko<\/li>\n<\/ul>\n<\/div><\/div><div class=\"wpb_text_column us_custom_08d660e1 custom_text_block_general_01\"><div class=\"wpb_wrapper\"><h3 class=\"special_headline\">Ucraina<\/h3>\n<ul>\n<li>Technologia<\/li>\n<li>Vincaps-Continen<\/li>\n<\/ul>\n<\/div><\/div><div class=\"wpb_text_column us_custom_08d660e1 custom_text_block_general_01\"><div class=\"wpb_wrapper\"><h3 class=\"special_headline\">USA<\/h3>\n<ul>\n<li>Janson Capsules<\/li>\n<li>Kl\u00f6ckner Pentaplast of America<\/li>\n<li>Maverick<\/li>\n<li>Phoenix Packaging Operations<\/li>\n<li>Printpack<\/li>\n<li>Ramondin<\/li>\n<li>Rivercap<\/li>\n<li>Solar World<\/li>\n<li>Solo Power<\/li>\n<li>Solon<\/li>\n<li>Ultra Clean<\/li>\n<\/ul>\n<\/div><\/div><div class=\"wpb_text_column us_custom_08d660e1 custom_text_block_general_01\"><div class=\"wpb_wrapper\"><h3 class=\"special_headline\">Bielorussia<\/h3>\n<ul>\n<li>Teo Pack<\/li>\n<\/ul>\n<\/div><\/div><\/div><\/div><\/div><\/div><\/div><\/div><\/div><\/div><\/div><\/section>\n","protected":false},"excerpt":{"rendered":"Prodotto in Germania da EMB I clienti di tutto il mondo producono con successo su macchine di Emmendinger Maschinenbau, prodotte in Germania. I nostri dipendenti multilingui saranno felici di rispondere alle vostre domande e sono disponibili per il supporto online e il servizio di parti di ricambio. Si prega di guardare l\u2019estratto dalla nostra lista...","protected":false},"author":1,"featured_media":2126,"parent":0,"menu_order":0,"comment_status":"closed","ping_status":"closed","template":"","meta":{"footnotes":""},"class_list":["post-2373","page","type-page","status-publish","has-post-thumbnail","hentry"],"yoast_head":"<!-- This site is optimized with the Yoast SEO plugin v27.3 - https:\/\/yoast.com\/product\/yoast-seo-wordpress\/ -->\n<title>Riferimenti - Emmendinger Maschinenbau GmbH<\/title>\n<meta name=\"description\" content=\"Mit der Verbindung aus Tradition und Innovation sind wir seit \u00fcber sechs Jahrzehnten einer starker und verl\u00e4sslicher Partner f\u00fcr unsere Kunden in der ganzen Welt.\" \/>\n<meta name=\"robots\" content=\"index, follow, max-snippet:-1, max-image-preview:large, max-video-preview:-1\" \/>\n<link rel=\"canonical\" href=\"https:\/\/emmendinger.de\/it\/riferimenti\/\" \/>\n<meta property=\"og:locale\" content=\"it_IT\" \/>\n<meta property=\"og:type\" content=\"article\" \/>\n<meta property=\"og:title\" content=\"Riferimenti - Emmendinger Maschinenbau GmbH\" \/>\n<meta property=\"og:description\" content=\"Mit der Verbindung aus Tradition und Innovation sind wir seit \u00fcber sechs Jahrzehnten einer starker und verl\u00e4sslicher Partner f\u00fcr unsere Kunden in der ganzen Welt.\" \/>\n<meta property=\"og:url\" content=\"https:\/\/emmendinger.de\/it\/riferimenti\/\" \/>\n<meta property=\"og:site_name\" content=\"Emmendinger Maschinenbau GmbH\" \/>\n<meta property=\"article:modified_time\" content=\"2025-12-08T01:03:32+00:00\" \/>\n<meta property=\"og:image\" content=\"https:\/\/emmendinger.de\/wp-content\/uploads\/2021\/03\/Header_QS_multi-1.jpg\" \/>\n\t<meta property=\"og:image:width\" content=\"1920\" \/>\n\t<meta property=\"og:image:height\" content=\"1280\" \/>\n\t<meta property=\"og:image:type\" content=\"image\/jpeg\" \/>\n<meta name=\"twitter:card\" content=\"summary_large_image\" \/>\n<meta name=\"twitter:label1\" content=\"Tempo di lettura stimato\" \/>\n\t<meta name=\"twitter:data1\" content=\"7 minuti\" \/>\n<script type=\"application\/ld+json\" class=\"yoast-schema-graph\">{\"@context\":\"https:\\\/\\\/schema.org\",\"@graph\":[{\"@type\":\"WebPage\",\"@id\":\"https:\\\/\\\/emmendinger.de\\\/it\\\/riferimenti\\\/\",\"url\":\"https:\\\/\\\/emmendinger.de\\\/it\\\/riferimenti\\\/\",\"name\":\"Riferimenti - Emmendinger Maschinenbau GmbH\",\"isPartOf\":{\"@id\":\"https:\\\/\\\/emmendinger.de\\\/it\\\/#website\"},\"primaryImageOfPage\":{\"@id\":\"https:\\\/\\\/emmendinger.de\\\/it\\\/riferimenti\\\/#primaryimage\"},\"image\":{\"@id\":\"https:\\\/\\\/emmendinger.de\\\/it\\\/riferimenti\\\/#primaryimage\"},\"thumbnailUrl\":\"https:\\\/\\\/emmendinger.de\\\/wp-content\\\/uploads\\\/2021\\\/03\\\/Header_QS_multi-1.jpg\",\"datePublished\":\"2021-01-27T08:25:29+00:00\",\"dateModified\":\"2025-12-08T01:03:32+00:00\",\"description\":\"Mit der Verbindung aus Tradition und Innovation sind wir seit \u00fcber sechs Jahrzehnten einer starker und verl\u00e4sslicher Partner f\u00fcr unsere Kunden in der ganzen Welt.\",\"breadcrumb\":{\"@id\":\"https:\\\/\\\/emmendinger.de\\\/it\\\/riferimenti\\\/#breadcrumb\"},\"inLanguage\":\"it-IT\",\"potentialAction\":[{\"@type\":\"ReadAction\",\"target\":[\"https:\\\/\\\/emmendinger.de\\\/it\\\/riferimenti\\\/\"]}]},{\"@type\":\"ImageObject\",\"inLanguage\":\"it-IT\",\"@id\":\"https:\\\/\\\/emmendinger.de\\\/it\\\/riferimenti\\\/#primaryimage\",\"url\":\"https:\\\/\\\/emmendinger.de\\\/wp-content\\\/uploads\\\/2021\\\/03\\\/Header_QS_multi-1.jpg\",\"contentUrl\":\"https:\\\/\\\/emmendinger.de\\\/wp-content\\\/uploads\\\/2021\\\/03\\\/Header_QS_multi-1.jpg\",\"width\":1920,\"height\":1280},{\"@type\":\"BreadcrumbList\",\"@id\":\"https:\\\/\\\/emmendinger.de\\\/it\\\/riferimenti\\\/#breadcrumb\",\"itemListElement\":[{\"@type\":\"ListItem\",\"position\":1,\"name\":\"Home\",\"item\":\"https:\\\/\\\/emmendinger.de\\\/it\\\/\"},{\"@type\":\"ListItem\",\"position\":2,\"name\":\"Riferimenti\"}]},{\"@type\":\"WebSite\",\"@id\":\"https:\\\/\\\/emmendinger.de\\\/it\\\/#website\",\"url\":\"https:\\\/\\\/emmendinger.de\\\/it\\\/\",\"name\":\"Emmendinger Maschinenbau GmbH\",\"description\":\"The Art of precision\",\"publisher\":{\"@id\":\"https:\\\/\\\/emmendinger.de\\\/it\\\/#organization\"},\"potentialAction\":[{\"@type\":\"SearchAction\",\"target\":{\"@type\":\"EntryPoint\",\"urlTemplate\":\"https:\\\/\\\/emmendinger.de\\\/it\\\/?s={search_term_string}\"},\"query-input\":{\"@type\":\"PropertyValueSpecification\",\"valueRequired\":true,\"valueName\":\"search_term_string\"}}],\"inLanguage\":\"it-IT\"},{\"@type\":\"Organization\",\"@id\":\"https:\\\/\\\/emmendinger.de\\\/it\\\/#organization\",\"name\":\"Emmendinger Maschinenbau GmbH\",\"url\":\"https:\\\/\\\/emmendinger.de\\\/it\\\/\",\"logo\":{\"@type\":\"ImageObject\",\"inLanguage\":\"it-IT\",\"@id\":\"https:\\\/\\\/emmendinger.de\\\/it\\\/#\\\/schema\\\/logo\\\/image\\\/\",\"url\":\"https:\\\/\\\/emmendinger.de\\\/wp-content\\\/uploads\\\/2021\\\/01\\\/favicon-01.png\",\"contentUrl\":\"https:\\\/\\\/emmendinger.de\\\/wp-content\\\/uploads\\\/2021\\\/01\\\/favicon-01.png\",\"width\":1146,\"height\":1147,\"caption\":\"Emmendinger Maschinenbau GmbH\"},\"image\":{\"@id\":\"https:\\\/\\\/emmendinger.de\\\/it\\\/#\\\/schema\\\/logo\\\/image\\\/\"}}]}<\/script>\n<!-- \/ Yoast SEO plugin. -->","yoast_head_json":{"title":"Riferimenti - Emmendinger Maschinenbau GmbH","description":"Mit der Verbindung aus Tradition und Innovation sind wir seit \u00fcber sechs Jahrzehnten einer starker und verl\u00e4sslicher Partner f\u00fcr unsere Kunden in der ganzen Welt.","robots":{"index":"index","follow":"follow","max-snippet":"max-snippet:-1","max-image-preview":"max-image-preview:large","max-video-preview":"max-video-preview:-1"},"canonical":"https:\/\/emmendinger.de\/it\/riferimenti\/","og_locale":"it_IT","og_type":"article","og_title":"Riferimenti - Emmendinger Maschinenbau GmbH","og_description":"Mit der Verbindung aus Tradition und Innovation sind wir seit \u00fcber sechs Jahrzehnten einer starker und verl\u00e4sslicher Partner f\u00fcr unsere Kunden in der ganzen Welt.","og_url":"https:\/\/emmendinger.de\/it\/riferimenti\/","og_site_name":"Emmendinger Maschinenbau GmbH","article_modified_time":"2025-12-08T01:03:32+00:00","og_image":[{"width":1920,"height":1280,"url":"https:\/\/emmendinger.de\/wp-content\/uploads\/2021\/03\/Header_QS_multi-1.jpg","type":"image\/jpeg"}],"twitter_card":"summary_large_image","twitter_misc":{"Tempo di lettura stimato":"7 minuti"},"schema":{"@context":"https:\/\/schema.org","@graph":[{"@type":"WebPage","@id":"https:\/\/emmendinger.de\/it\/riferimenti\/","url":"https:\/\/emmendinger.de\/it\/riferimenti\/","name":"Riferimenti - Emmendinger Maschinenbau GmbH","isPartOf":{"@id":"https:\/\/emmendinger.de\/it\/#website"},"primaryImageOfPage":{"@id":"https:\/\/emmendinger.de\/it\/riferimenti\/#primaryimage"},"image":{"@id":"https:\/\/emmendinger.de\/it\/riferimenti\/#primaryimage"},"thumbnailUrl":"https:\/\/emmendinger.de\/wp-content\/uploads\/2021\/03\/Header_QS_multi-1.jpg","datePublished":"2021-01-27T08:25:29+00:00","dateModified":"2025-12-08T01:03:32+00:00","description":"Mit der Verbindung aus Tradition und Innovation sind wir seit \u00fcber sechs Jahrzehnten einer starker und verl\u00e4sslicher Partner f\u00fcr unsere Kunden in der ganzen Welt.","breadcrumb":{"@id":"https:\/\/emmendinger.de\/it\/riferimenti\/#breadcrumb"},"inLanguage":"it-IT","potentialAction":[{"@type":"ReadAction","target":["https:\/\/emmendinger.de\/it\/riferimenti\/"]}]},{"@type":"ImageObject","inLanguage":"it-IT","@id":"https:\/\/emmendinger.de\/it\/riferimenti\/#primaryimage","url":"https:\/\/emmendinger.de\/wp-content\/uploads\/2021\/03\/Header_QS_multi-1.jpg","contentUrl":"https:\/\/emmendinger.de\/wp-content\/uploads\/2021\/03\/Header_QS_multi-1.jpg","width":1920,"height":1280},{"@type":"BreadcrumbList","@id":"https:\/\/emmendinger.de\/it\/riferimenti\/#breadcrumb","itemListElement":[{"@type":"ListItem","position":1,"name":"Home","item":"https:\/\/emmendinger.de\/it\/"},{"@type":"ListItem","position":2,"name":"Riferimenti"}]},{"@type":"WebSite","@id":"https:\/\/emmendinger.de\/it\/#website","url":"https:\/\/emmendinger.de\/it\/","name":"Emmendinger Maschinenbau GmbH","description":"The Art of precision","publisher":{"@id":"https:\/\/emmendinger.de\/it\/#organization"},"potentialAction":[{"@type":"SearchAction","target":{"@type":"EntryPoint","urlTemplate":"https:\/\/emmendinger.de\/it\/?s={search_term_string}"},"query-input":{"@type":"PropertyValueSpecification","valueRequired":true,"valueName":"search_term_string"}}],"inLanguage":"it-IT"},{"@type":"Organization","@id":"https:\/\/emmendinger.de\/it\/#organization","name":"Emmendinger Maschinenbau GmbH","url":"https:\/\/emmendinger.de\/it\/","logo":{"@type":"ImageObject","inLanguage":"it-IT","@id":"https:\/\/emmendinger.de\/it\/#\/schema\/logo\/image\/","url":"https:\/\/emmendinger.de\/wp-content\/uploads\/2021\/01\/favicon-01.png","contentUrl":"https:\/\/emmendinger.de\/wp-content\/uploads\/2021\/01\/favicon-01.png","width":1146,"height":1147,"caption":"Emmendinger Maschinenbau GmbH"},"image":{"@id":"https:\/\/emmendinger.de\/it\/#\/schema\/logo\/image\/"}}]}},"_links":{"self":[{"href":"https:\/\/emmendinger.de\/it\/wp-json\/wp\/v2\/pages\/2373","targetHints":{"allow":["GET"]}}],"collection":[{"href":"https:\/\/emmendinger.de\/it\/wp-json\/wp\/v2\/pages"}],"about":[{"href":"https:\/\/emmendinger.de\/it\/wp-json\/wp\/v2\/types\/page"}],"author":[{"embeddable":true,"href":"https:\/\/emmendinger.de\/it\/wp-json\/wp\/v2\/users\/1"}],"replies":[{"embeddable":true,"href":"https:\/\/emmendinger.de\/it\/wp-json\/wp\/v2\/comments?post=2373"}],"version-history":[{"count":8,"href":"https:\/\/emmendinger.de\/it\/wp-json\/wp\/v2\/pages\/2373\/revisions"}],"predecessor-version":[{"id":3442,"href":"https:\/\/emmendinger.de\/it\/wp-json\/wp\/v2\/pages\/2373\/revisions\/3442"}],"wp:featuredmedia":[{"embeddable":true,"href":"https:\/\/emmendinger.de\/it\/wp-json\/wp\/v2\/media\/2126"}],"wp:attachment":[{"href":"https:\/\/emmendinger.de\/it\/wp-json\/wp\/v2\/media?parent=2373"}],"curies":[{"name":"wp","href":"https:\/\/api.w.org\/{rel}","templated":true}]}}